{"id":3858,"date":"2025-03-07T13:54:30","date_gmt":"2025-03-07T12:54:30","guid":{"rendered":"https:\/\/autoservis24.hr\/?page_id=3858"},"modified":"2025-03-07T14:12:04","modified_gmt":"2025-03-07T13:12:04","slug":"specijalna-varenja-aluminij","status":"publish","type":"page","link":"https:\/\/autoservis24.hr\/en\/specijalna-varenja-aluminij\/","title":{"rendered":"Specijalna varenja aluminij"},"content":{"rendered":"<div data-elementor-type=\"wp-page\" data-elementor-id=\"3858\" class=\"elementor elementor-3858\" data-elementor-post-type=\"page\">\n\t\t\t\t\t\t<section class=\"elementor-section elementor-top-section elementor-element elementor-element-2a53aaf elementor-section-height-min-height elementor-section-boxed elementor-section-height-default elementor-section-items-middle\" data-id=\"2a53aaf\" data-element_type=\"section\" data-e-type=\"section\" data-settings=\"{&quot;background_background&quot;:&quot;classic&quot;}\">\n\t\t\t\t\t\t\t<div class=\"elementor-background-overlay\"><\/div>\n\t\t\t\t\t\t\t<div class=\"elementor-container elementor-column-gap-default\">\n\t\t\t\t\t<div class=\"elementor-column elementor-col-100 elementor-top-column elementor-element elementor-element-514fcfa\" data-id=\"514fcfa\" data-element_type=\"column\" data-e-type=\"column\">\n\t\t\t<div class=\"elementor-widget-wrap elementor-element-populated\">\n\t\t\t\t\t\t<div class=\"elementor-element elementor-element-c2831b7 animated-slow elementor-invisible elementor-widget elementor-widget-heading\" data-id=\"c2831b7\" data-element_type=\"widget\" data-e-type=\"widget\" data-settings=\"{&quot;_animation&quot;:&quot;fadeIn&quot;}\" data-widget_type=\"heading.default\">\n\t\t\t\t<div class=\"elementor-widget-container\">\n\t\t\t\t\t<h1 class=\"elementor-heading-title elementor-size-default\">Specijalna varenja aluminij<\/h1>\t\t\t\t<\/div>\n\t\t\t\t<\/div>\n\t\t\t\t\t<\/div>\n\t\t<\/div>\n\t\t\t\t\t<\/div>\n\t\t<\/section>\n\t\t\t\t<section class=\"elementor-section elementor-top-section elementor-element elementor-element-c755bde elementor-section-height-min-height elementor-section-items-top elementor-section-boxed elementor-section-height-default\" data-id=\"c755bde\" data-element_type=\"section\" data-e-type=\"section\">\n\t\t\t\t\t\t<div class=\"elementor-container elementor-column-gap-default\">\n\t\t\t\t\t<div class=\"elementor-column elementor-col-100 elementor-top-column elementor-element elementor-element-4153187\" data-id=\"4153187\" data-element_type=\"column\" data-e-type=\"column\">\n\t\t\t<div class=\"elementor-widget-wrap elementor-element-populated\">\n\t\t\t\t\t\t<section class=\"elementor-section elementor-inner-section elementor-element elementor-element-05993b0 elementor-section-full_width elementor-section-height-default elementor-section-height-default\" data-id=\"05993b0\" data-element_type=\"section\" data-e-type=\"section\">\n\t\t\t\t\t\t<div class=\"elementor-container elementor-column-gap-default\">\n\t\t\t\t\t<div class=\"elementor-column elementor-col-50 elementor-inner-column elementor-element elementor-element-bd3e9ff\" data-id=\"bd3e9ff\" data-element_type=\"column\" data-e-type=\"column\">\n\t\t\t<div class=\"elementor-widget-wrap elementor-element-populated\">\n\t\t\t\t\t\t<div class=\"elementor-element elementor-element-bc6fca0 apl-paragraph animated-slow elementor-invisible elementor-widget elementor-widget-text-editor\" data-id=\"bc6fca0\" data-element_type=\"widget\" data-e-type=\"widget\" data-settings=\"{&quot;_animation&quot;:&quot;fadeIn&quot;}\" data-widget_type=\"text-editor.default\">\n\t\t\t\t<div class=\"elementor-widget-container\">\n\t\t\t\t\t\t\t\t\t<p><strong>Varenje aluminija<\/strong>\u00a0u autoindustriji koristi se za spajanje aluminijskih dijelova karoserije, okvira, podvozja i drugih komponenti. Zbog svojih svojstava poput male te\u017eine, otpornosti na koroziju i visoke \u010dvrsto\u0107e, aluminij se sve vi\u0161e koristi u modernim vozilima, posebno kod elektri\u010dnih automobila i sportskih modela.<\/p>\t\t\t\t\t\t\t\t<\/div>\n\t\t\t\t<\/div>\n\t\t\t\t<div class=\"elementor-element elementor-element-b7f70db animated-slow elementor-invisible elementor-widget elementor-widget-heading\" data-id=\"b7f70db\" data-element_type=\"widget\" data-e-type=\"widget\" data-settings=\"{&quot;_animation&quot;:&quot;fadeIn&quot;}\" data-widget_type=\"heading.default\">\n\t\t\t\t<div class=\"elementor-widget-container\">\n\t\t\t\t\t<div class=\"elementor-heading-title elementor-size-default\">Za\u0161to MIG varenje za aluminij u autoindustriji?<\/div>\t\t\t\t<\/div>\n\t\t\t\t<\/div>\n\t\t\t\t<div class=\"elementor-element elementor-element-ad1d50b animated-slow elementor-invisible elementor-widget elementor-widget-text-editor\" data-id=\"ad1d50b\" data-element_type=\"widget\" data-e-type=\"widget\" data-settings=\"{&quot;_animation&quot;:&quot;fadeIn&quot;}\" data-widget_type=\"text-editor.default\">\n\t\t\t\t<div class=\"elementor-widget-container\">\n\t\t\t\t\t\t\t\t\t<p>MIG varenje aluminija u autoindustriji preferira se zbog:<\/p><ul><li><strong>Brzine varenja:<\/strong>\u00a0Pogodno za serijsku proizvodnju i monta\u017ene linije.<\/li><li><strong>Debljih aluminijskih materijala:<\/strong>\u00a0Idealan za dijelove poput okvira ili \u0161asije.<\/li><li><strong>Automatizacije:<\/strong>\u00a0Lako se integrira s\u00a0<strong>robotskim zavariva\u010dima<\/strong>, \u0161to pove\u0107ava preciznost i ponovljivost.<\/li><li><strong>Fleksibilnosti:<\/strong>\u00a0Mogu\u0107e je spajanje razli\u010ditih legura aluminija te kombinacija aluminija s drugim metalima.<\/li><\/ul>\t\t\t\t\t\t\t\t<\/div>\n\t\t\t\t<\/div>\n\t\t\t\t\t<\/div>\n\t\t<\/div>\n\t\t\t\t<div class=\"elementor-column elementor-col-50 elementor-inner-column elementor-element elementor-element-96b15f2 apl-znacajke-usluge\" data-id=\"96b15f2\" data-element_type=\"column\" data-e-type=\"column\">\n\t\t\t<div class=\"elementor-widget-wrap elementor-element-populated\">\n\t\t\t\t\t\t<div class=\"elementor-element elementor-element-1000087 animated-slow elementor-invisible elementor-widget elementor-widget-heading\" data-id=\"1000087\" data-element_type=\"widget\" data-e-type=\"widget\" data-settings=\"{&quot;_animation&quot;:&quot;fadeIn&quot;}\" data-widget_type=\"heading.default\">\n\t\t\t\t<div class=\"elementor-widget-container\">\n\t\t\t\t\t<div class=\"elementor-heading-title elementor-size-default\">Primjene MIG varenja aluminija u autoindustriji:<\/div>\t\t\t\t<\/div>\n\t\t\t\t<\/div>\n\t\t\t\t<div class=\"elementor-element elementor-element-f9f556f animated-slow elementor-invisible elementor-widget elementor-widget-text-editor\" data-id=\"f9f556f\" data-element_type=\"widget\" data-e-type=\"widget\" data-settings=\"{&quot;_animation&quot;:&quot;fadeIn&quot;}\" data-widget_type=\"text-editor.default\">\n\t\t\t\t<div class=\"elementor-widget-container\">\n\t\t\t\t\t\t\t\t\t<ul><li>Karoserijski elementi: Vrata, haube, blatobrani od aluminija.<\/li><li>Okviri vozila: Pogotovo kod sportskih automobila i vozila visokih performansi.<\/li><li>Podvozje i nosa\u010di: Zbog smanjenja ukupne te\u017eine vozila.<\/li><\/ul>\t\t\t\t\t\t\t\t<\/div>\n\t\t\t\t<\/div>\n\t\t\t\t\t<\/div>\n\t\t<\/div>\n\t\t\t\t\t<\/div>\n\t\t<\/section>\n\t\t\t\t<section class=\"elementor-section elementor-inner-section elementor-element elementor-element-2af0d98 elementor-section-full_width elementor-section-height-default elementor-section-height-default\" data-id=\"2af0d98\" data-element_type=\"section\" data-e-type=\"section\">\n\t\t\t\t\t\t<div class=\"elementor-container elementor-column-gap-default\">\n\t\t\t\t\t<div class=\"elementor-column elementor-col-50 elementor-inner-column elementor-element elementor-element-b25230c\" data-id=\"b25230c\" data-element_type=\"column\" data-e-type=\"column\">\n\t\t\t<div class=\"elementor-widget-wrap elementor-element-populated\">\n\t\t\t\t\t\t<div class=\"elementor-element elementor-element-d9a8c88 animated-slow elementor-invisible elementor-widget elementor-widget-heading\" data-id=\"d9a8c88\" data-element_type=\"widget\" data-e-type=\"widget\" data-settings=\"{&quot;_animation&quot;:&quot;fadeIn&quot;}\" data-widget_type=\"heading.default\">\n\t\t\t\t<div class=\"elementor-widget-container\">\n\t\t\t\t\t<div class=\"elementor-heading-title elementor-size-default\">Proces MIG varenja aluminija:<\/div>\t\t\t\t<\/div>\n\t\t\t\t<\/div>\n\t\t\t\t<div class=\"elementor-element elementor-element-947acdf apl-paragraph animated-slow elementor-invisible elementor-widget elementor-widget-text-editor\" data-id=\"947acdf\" data-element_type=\"widget\" data-e-type=\"widget\" data-settings=\"{&quot;_animation&quot;:&quot;fadeIn&quot;}\" data-widget_type=\"text-editor.default\">\n\t\t\t\t<div class=\"elementor-widget-container\">\n\t\t\t\t\t\t\t\t\t<p><strong>1. Priprema aluminijskih dijelova:<\/strong><\/p><ul><li>\u010ci\u0161\u0107enje povr\u0161ine: Uklanjanje oksidnog sloja i ne\u010disto\u0107a pomo\u0107u mehani\u010dkog bru\u0161enja (\u017ei\u010dane \u010detke) i odma\u0161\u0107ivanje acetonom.<\/li><li>Priprema spojeva: Kod debljih materijala koristi se sko\u0161enje rubova za bolju penetraciju zavara.<\/li><\/ul>\t\t\t\t\t\t\t\t<\/div>\n\t\t\t\t<\/div>\n\t\t\t\t<div class=\"elementor-element elementor-element-8e397b8 apl-paragraph animated-slow elementor-invisible elementor-widget elementor-widget-text-editor\" data-id=\"8e397b8\" data-element_type=\"widget\" data-e-type=\"widget\" data-settings=\"{&quot;_animation&quot;:&quot;fadeIn&quot;}\" data-widget_type=\"text-editor.default\">\n\t\t\t\t<div class=\"elementor-widget-container\">\n\t\t\t\t\t\t\t\t\t<p><strong>2. Odabir opreme i materijala:<\/strong><\/p><p>\u2705 Izbor \u017eice za varenje:<\/p><ul><li>Koriste se aluminijske \u017eice, ovisno o vrsti aluminija koji se vari.<br \/><br \/><\/li><\/ul><p>\u2705 Inertni plin za za\u0161titu:<\/p><ul><li>Naj\u010de\u0161\u0107e se koristi 100% argon zbog stabilnosti luka i dobre za\u0161tite zavara od oksidacije.<\/li><li>Kod debljih aluminijskih dijelova mo\u017ee se koristiti mje\u0161avina argona i helija za bolju penetraciju i vi\u0161u temperaturu luka.<\/li><\/ul>\t\t\t\t\t\t\t\t<\/div>\n\t\t\t\t<\/div>\n\t\t\t\t<div class=\"elementor-element elementor-element-6eeb52e apl-paragraph animated-slow elementor-invisible elementor-widget elementor-widget-text-editor\" data-id=\"6eeb52e\" data-element_type=\"widget\" data-e-type=\"widget\" data-settings=\"{&quot;_animation&quot;:&quot;fadeIn&quot;}\" data-widget_type=\"text-editor.default\">\n\t\t\t\t<div class=\"elementor-widget-container\">\n\t\t\t\t\t\t\t\t\t<p><strong>3. Tehnika varenja:<\/strong><\/p><p>\u2705 Ru\u010dna metoda:<\/p><ul><li>Push tehnika: Pi\u0161tolj za varenje uvijek se pomi\u010de prema naprijed (gura), \u0161to osigurava bolju za\u0161titu zavara inertnim plinom i sprje\u010dava nakupljanje oksida.<\/li><li>Kratki luk: Zavariva\u010d treba odr\u017eavati kratki zavariva\u010dki luk za bolju kontrolu nad zavarom.<\/li><li>Kru\u017eno kretanje: Lagani kru\u017eni pokreti pi\u0161toljem mogu pomo\u0107i u postizanju ujedna\u010denog zavara.<\/li><\/ul>\t\t\t\t\t\t\t\t<\/div>\n\t\t\t\t<\/div>\n\t\t\t\t\t<\/div>\n\t\t<\/div>\n\t\t\t\t<div class=\"elementor-column elementor-col-50 elementor-inner-column elementor-element elementor-element-e8e4e47\" data-id=\"e8e4e47\" data-element_type=\"column\" data-e-type=\"column\">\n\t\t\t<div class=\"elementor-widget-wrap elementor-element-populated\">\n\t\t\t\t\t\t<div class=\"elementor-element elementor-element-27b1d21 elementor-widget-tablet__width-initial elementor-widget-mobile__width-inherit elementor-widget elementor-widget-image\" data-id=\"27b1d21\" data-element_type=\"widget\" data-e-type=\"widget\" data-widget_type=\"image.default\">\n\t\t\t\t<div class=\"elementor-widget-container\">\n\t\t\t\t\t\t\t\t\t\t\t\t\t\t\t<img fetchpriority=\"high\" decoding=\"async\" width=\"1024\" height=\"1024\" src=\"https:\/\/autoservis24.hr\/wp-content\/uploads\/2025\/03\/DALL\u00b7E-2025-03-07-14.06.33-A-professional-welder-in-protective-gear-manually-performing-MIG-welding-on-an-aluminum-car-chassis.-Bright-sparks-fly-as-the-welder-precisely-fuses-t-1.webp\" class=\"attachment-full size-full wp-image-3862\" alt=\"\" srcset=\"https:\/\/autoservis24.hr\/wp-content\/uploads\/2025\/03\/DALL\u00b7E-2025-03-07-14.06.33-A-professional-welder-in-protective-gear-manually-performing-MIG-welding-on-an-aluminum-car-chassis.-Bright-sparks-fly-as-the-welder-precisely-fuses-t-1.webp 1024w, https:\/\/autoservis24.hr\/wp-content\/uploads\/2025\/03\/DALL\u00b7E-2025-03-07-14.06.33-A-professional-welder-in-protective-gear-manually-performing-MIG-welding-on-an-aluminum-car-chassis.-Bright-sparks-fly-as-the-welder-precisely-fuses-t-1-300x300.webp 300w, https:\/\/autoservis24.hr\/wp-content\/uploads\/2025\/03\/DALL\u00b7E-2025-03-07-14.06.33-A-professional-welder-in-protective-gear-manually-performing-MIG-welding-on-an-aluminum-car-chassis.-Bright-sparks-fly-as-the-welder-precisely-fuses-t-1-150x150.webp 150w, https:\/\/autoservis24.hr\/wp-content\/uploads\/2025\/03\/DALL\u00b7E-2025-03-07-14.06.33-A-professional-welder-in-protective-gear-manually-performing-MIG-welding-on-an-aluminum-car-chassis.-Bright-sparks-fly-as-the-welder-precisely-fuses-t-1-768x768.webp 768w, https:\/\/autoservis24.hr\/wp-content\/uploads\/2025\/03\/DALL\u00b7E-2025-03-07-14.06.33-A-professional-welder-in-protective-gear-manually-performing-MIG-welding-on-an-aluminum-car-chassis.-Bright-sparks-fly-as-the-welder-precisely-fuses-t-1-12x12.webp 12w, https:\/\/autoservis24.hr\/wp-content\/uploads\/2025\/03\/DALL\u00b7E-2025-03-07-14.06.33-A-professional-welder-in-protective-gear-manually-performing-MIG-welding-on-an-aluminum-car-chassis.-Bright-sparks-fly-as-the-welder-precisely-fuses-t-1-600x600.webp 600w, https:\/\/autoservis24.hr\/wp-content\/uploads\/2025\/03\/DALL\u00b7E-2025-03-07-14.06.33-A-professional-welder-in-protective-gear-manually-performing-MIG-welding-on-an-aluminum-car-chassis.-Bright-sparks-fly-as-the-welder-precisely-fuses-t-1-100x100.webp 100w\" sizes=\"(max-width: 1024px) 100vw, 1024px\" \/>\t\t\t\t\t\t\t\t\t\t\t\t\t\t\t<\/div>\n\t\t\t\t<\/div>\n\t\t\t\t\t<\/div>\n\t\t<\/div>\n\t\t\t\t\t<\/div>\n\t\t<\/section>\n\t\t\t\t\t<\/div>\n\t\t<\/div>\n\t\t\t\t\t<\/div>\n\t\t<\/section>\n\t\t\t\t<\/div>","protected":false},"excerpt":{"rendered":"<p>Specijalna varenja aluminij Varenje aluminija\u00a0u autoindustriji koristi se za spajanje aluminijskih dijelova karoserije, okvira, podvozja i drugih komponenti. Zbog svojih svojstava poput male te\u017eine, otpornosti na koroziju i visoke \u010dvrsto\u0107e, aluminij se sve vi\u0161e koristi u modernim vozilima, posebno kod elektri\u010dnih automobila i sportskih modela. Za\u0161to MIG varenje za aluminij u autoindustriji? MIG varenje aluminija [&hellip;]<\/p>\n","protected":false},"author":1,"featured_media":0,"parent":0,"menu_order":0,"comment_status":"closed","ping_status":"closed","template":"","meta":{"_acf_changed":false,"footnotes":""},"class_list":["post-3858","page","type-page","status-publish","hentry"],"acf":[],"_links":{"self":[{"href":"https:\/\/autoservis24.hr\/en\/wp-json\/wp\/v2\/pages\/3858","targetHints":{"allow":["GET"]}}],"collection":[{"href":"https:\/\/autoservis24.hr\/en\/wp-json\/wp\/v2\/pages"}],"about":[{"href":"https:\/\/autoservis24.hr\/en\/wp-json\/wp\/v2\/types\/page"}],"author":[{"embeddable":true,"href":"https:\/\/autoservis24.hr\/en\/wp-json\/wp\/v2\/users\/1"}],"replies":[{"embeddable":true,"href":"https:\/\/autoservis24.hr\/en\/wp-json\/wp\/v2\/comments?post=3858"}],"version-history":[{"count":0,"href":"https:\/\/autoservis24.hr\/en\/wp-json\/wp\/v2\/pages\/3858\/revisions"}],"wp:attachment":[{"href":"https:\/\/autoservis24.hr\/en\/wp-json\/wp\/v2\/media?parent=3858"}],"curies":[{"name":"wp","href":"https:\/\/api.w.org\/{rel}","templated":true}]}}