{"id":3866,"date":"2025-03-07T14:23:02","date_gmt":"2025-03-07T13:23:02","guid":{"rendered":"https:\/\/autoservis24.hr\/?page_id=3866"},"modified":"2025-03-10T14:56:28","modified_gmt":"2025-03-10T13:56:28","slug":"auto-limarija-novo","status":"publish","type":"page","link":"https:\/\/autoservis24.hr\/en\/auto-limarija-novo\/","title":{"rendered":"Auto limarija &#8211; novo"},"content":{"rendered":"<div data-elementor-type=\"wp-page\" data-elementor-id=\"3866\" class=\"elementor elementor-3866\" data-elementor-post-type=\"page\">\n\t\t\t\t\t\t<section class=\"elementor-section elementor-top-section elementor-element elementor-element-d713e62 elementor-section-height-min-height elementor-section-boxed elementor-section-height-default elementor-section-items-middle\" data-id=\"d713e62\" data-element_type=\"section\" data-e-type=\"section\" data-settings=\"{&quot;background_background&quot;:&quot;classic&quot;}\">\n\t\t\t\t\t\t\t<div class=\"elementor-background-overlay\"><\/div>\n\t\t\t\t\t\t\t<div class=\"elementor-container elementor-column-gap-default\">\n\t\t\t\t\t<div class=\"elementor-column elementor-col-100 elementor-top-column elementor-element elementor-element-929e0a3\" data-id=\"929e0a3\" data-element_type=\"column\" data-e-type=\"column\">\n\t\t\t<div class=\"elementor-widget-wrap elementor-element-populated\">\n\t\t\t\t\t\t<div class=\"elementor-element elementor-element-247e98c animated-slow elementor-invisible elementor-widget elementor-widget-heading\" data-id=\"247e98c\" data-element_type=\"widget\" data-e-type=\"widget\" data-settings=\"{&quot;_animation&quot;:&quot;fadeIn&quot;}\" data-widget_type=\"heading.default\">\n\t\t\t\t<div class=\"elementor-widget-container\">\n\t\t\t\t\t<h1 class=\"elementor-heading-title elementor-size-default\">Profesionalni autolimarski radovi<\/h1>\t\t\t\t<\/div>\n\t\t\t\t<\/div>\n\t\t\t\t\t<\/div>\n\t\t<\/div>\n\t\t\t\t\t<\/div>\n\t\t<\/section>\n\t\t\t\t<section class=\"elementor-section elementor-top-section elementor-element elementor-element-faa0cc4 elementor-section-height-min-height elementor-section-items-top elementor-section-boxed elementor-section-height-default\" data-id=\"faa0cc4\" data-element_type=\"section\" data-e-type=\"section\">\n\t\t\t\t\t\t<div class=\"elementor-container elementor-column-gap-default\">\n\t\t\t\t\t<div class=\"elementor-column elementor-col-100 elementor-top-column elementor-element elementor-element-3f84305\" data-id=\"3f84305\" data-element_type=\"column\" data-e-type=\"column\">\n\t\t\t<div class=\"elementor-widget-wrap elementor-element-populated\">\n\t\t\t\t\t\t<section class=\"elementor-section elementor-inner-section elementor-element elementor-element-690a555 elementor-section-full_width elementor-section-height-default elementor-section-height-default\" data-id=\"690a555\" data-element_type=\"section\" data-e-type=\"section\">\n\t\t\t\t\t\t<div class=\"elementor-container elementor-column-gap-default\">\n\t\t\t\t\t<div class=\"elementor-column elementor-col-50 elementor-inner-column elementor-element elementor-element-218042e\" data-id=\"218042e\" data-element_type=\"column\" data-e-type=\"column\">\n\t\t\t<div class=\"elementor-widget-wrap elementor-element-populated\">\n\t\t\t\t\t\t<div class=\"elementor-element elementor-element-4c4c020 apl-paragraph animated-slow elementor-invisible elementor-widget elementor-widget-text-editor\" data-id=\"4c4c020\" data-element_type=\"widget\" data-e-type=\"widget\" data-settings=\"{&quot;_animation&quot;:&quot;fadeIn&quot;}\" data-widget_type=\"text-editor.default\">\n\t\t\t\t<div class=\"elementor-widget-container\">\n\t\t\t\t\t\t\t\t\t<p>Auto limarski radovi za osobna i terenska vozila obuhva\u0107aju \u0161irok spektar usluga vezanih uz popravak i odr\u017eavanje karoserije automobila. Ova usluga je klju\u010dna za o\u010duvanje estetskog izgleda vozila, ali i za osiguravanje njegove sigurnosti i dugovje\u010dnosti.<\/p>\t\t\t\t\t\t\t\t<\/div>\n\t\t\t\t<\/div>\n\t\t\t\t\t<\/div>\n\t\t<\/div>\n\t\t\t\t<div class=\"elementor-column elementor-col-50 elementor-inner-column elementor-element elementor-element-dbfc657 apl-znacajke-usluge\" data-id=\"dbfc657\" data-element_type=\"column\" data-e-type=\"column\">\n\t\t\t<div class=\"elementor-widget-wrap elementor-element-populated\">\n\t\t\t\t\t\t<div class=\"elementor-element elementor-element-16e3943 animated-slow elementor-invisible elementor-widget elementor-widget-heading\" data-id=\"16e3943\" data-element_type=\"widget\" data-e-type=\"widget\" data-settings=\"{&quot;_animation&quot;:&quot;fadeIn&quot;}\" data-widget_type=\"heading.default\">\n\t\t\t\t<div class=\"elementor-widget-container\">\n\t\t\t\t\t<div class=\"elementor-heading-title elementor-size-default\">Prednosti limarskih radova u Autoservisu 24<\/div>\t\t\t\t<\/div>\n\t\t\t\t<\/div>\n\t\t\t\t<div class=\"elementor-element elementor-element-a270fad animated-slow elementor-invisible elementor-widget elementor-widget-text-editor\" data-id=\"a270fad\" data-element_type=\"widget\" data-e-type=\"widget\" data-settings=\"{&quot;_animation&quot;:&quot;fadeIn&quot;}\" data-widget_type=\"text-editor.default\">\n\t\t\t\t<div class=\"elementor-widget-container\">\n\t\t\t\t\t\t\t\t\t<p>\u2705 Estetika: Va\u0161e vozilo izgleda kao novo, bez vidljivih tragova o\u0161te\u0107enja.<\/p><p>\u2705 Sigurnost: Popravci karoserije mogu pobolj\u0161ati strukturalnu \u010dvrsto\u0107u automobila.<\/p><p>\u2705 Vrijednost vozila: Odr\u017eavanje karoserije poma\u017ee u o\u010duvanju tr\u017ei\u0161ne vrijednosti automobila.<\/p>\t\t\t\t\t\t\t\t<\/div>\n\t\t\t\t<\/div>\n\t\t\t\t\t<\/div>\n\t\t<\/div>\n\t\t\t\t\t<\/div>\n\t\t<\/section>\n\t\t\t\t<section class=\"elementor-section elementor-inner-section elementor-element elementor-element-51909b4 elementor-section-full_width elementor-section-height-min-height elementor-section-content-middle elementor-section-height-default\" data-id=\"51909b4\" data-element_type=\"section\" data-e-type=\"section\">\n\t\t\t\t\t\t<div class=\"elementor-container elementor-column-gap-default\">\n\t\t\t\t\t<div class=\"elementor-column elementor-col-50 elementor-inner-column elementor-element elementor-element-913eb8f\" data-id=\"913eb8f\" data-element_type=\"column\" data-e-type=\"column\">\n\t\t\t<div class=\"elementor-widget-wrap elementor-element-populated\">\n\t\t\t\t\t\t<div class=\"elementor-element elementor-element-e7a85c4 premium-img-compare-horizontal elementor-widget elementor-widget-premium-addon-image-comparison\" data-id=\"e7a85c4\" data-element_type=\"widget\" data-e-type=\"widget\" data-widget_type=\"premium-addon-image-comparison.default\">\n\t\t\t\t<div class=\"elementor-widget-container\">\n\t\t\t\t\t\r\n\t\t<div class=\"premium-images-compare-container premium-twentytwenty-container\" data-settings=\"{&quot;orientation&quot;:&quot;horizontal&quot;,&quot;visibleRatio&quot;:0.5,&quot;switchBefore&quot;:false,&quot;beforeLabel&quot;:&quot;&quot;,&quot;switchAfter&quot;:false,&quot;afterLabel&quot;:&quot;&quot;,&quot;mouseMove&quot;:false,&quot;clickMove&quot;:false,&quot;showDrag&quot;:true,&quot;showSep&quot;:true,&quot;overlay&quot;:true,&quot;beforePos&quot;:null,&quot;afterPos&quot;:null,&quot;verbeforePos&quot;:null,&quot;verafterPos&quot;:null}\">\r\n\t\t\t<img decoding=\"async\" src=\"https:\/\/autoservis24.hr\/wp-content\/uploads\/2025\/01\/img1-photoshop.png\" alt=\"\">\r\n\t\t\t<img decoding=\"async\" src=\"https:\/\/autoservis24.hr\/wp-content\/uploads\/2025\/01\/img2-ph-osu125b37idpp2lwr7ftmtf301hqo69n0uksvep68i.png\" alt=\"\">\r\n\t\t<\/div>\r\n\r\n\t\t\t\t\t\t<\/div>\n\t\t\t\t<\/div>\n\t\t\t\t\t<\/div>\n\t\t<\/div>\n\t\t\t\t<div class=\"elementor-column elementor-col-50 elementor-inner-column elementor-element elementor-element-dc97cd5\" data-id=\"dc97cd5\" data-element_type=\"column\" data-e-type=\"column\">\n\t\t\t<div class=\"elementor-widget-wrap elementor-element-populated\">\n\t\t\t\t\t\t<div class=\"elementor-element elementor-element-669994b premium-img-compare-horizontal elementor-widget elementor-widget-premium-addon-image-comparison\" data-id=\"669994b\" data-element_type=\"widget\" data-e-type=\"widget\" data-widget_type=\"premium-addon-image-comparison.default\">\n\t\t\t\t<div class=\"elementor-widget-container\">\n\t\t\t\t\t\r\n\t\t<div class=\"premium-images-compare-container premium-twentytwenty-container\" data-settings=\"{&quot;orientation&quot;:&quot;horizontal&quot;,&quot;visibleRatio&quot;:0.5,&quot;switchBefore&quot;:false,&quot;beforeLabel&quot;:&quot;&quot;,&quot;switchAfter&quot;:false,&quot;afterLabel&quot;:&quot;&quot;,&quot;mouseMove&quot;:false,&quot;clickMove&quot;:false,&quot;showDrag&quot;:true,&quot;showSep&quot;:true,&quot;overlay&quot;:true,&quot;beforePos&quot;:null,&quot;afterPos&quot;:null,&quot;verbeforePos&quot;:null,&quot;verafterPos&quot;:null}\">\r\n\t\t\t<img decoding=\"async\" src=\"https:\/\/autoservis24.hr\/wp-content\/uploads\/2025\/01\/img3-photoshop.png\" alt=\"\">\r\n\t\t\t<img decoding=\"async\" src=\"https:\/\/autoservis24.hr\/wp-content\/uploads\/2025\/01\/img4-photoshop-osu3bnv7w9z2onel29itfdn5p58xkzgzocy1r5skce.png\" alt=\"\">\r\n\t\t<\/div>\r\n\r\n\t\t\t\t\t\t<\/div>\n\t\t\t\t<\/div>\n\t\t\t\t\t<\/div>\n\t\t<\/div>\n\t\t\t\t\t<\/div>\n\t\t<\/section>\n\t\t\t\t<section class=\"elementor-section elementor-inner-section elementor-element elementor-element-01991f6 elementor-section-full_width elementor-section-height-default elementor-section-height-default\" data-id=\"01991f6\" data-element_type=\"section\" data-e-type=\"section\">\n\t\t\t\t\t\t<div class=\"elementor-container elementor-column-gap-default\">\n\t\t\t\t\t<div class=\"elementor-column elementor-col-50 elementor-inner-column elementor-element elementor-element-0344c14\" data-id=\"0344c14\" data-element_type=\"column\" data-e-type=\"column\">\n\t\t\t<div class=\"elementor-widget-wrap elementor-element-populated\">\n\t\t\t\t\t\t<div class=\"elementor-element elementor-element-6a3c88d animated-slow elementor-invisible elementor-widget elementor-widget-heading\" data-id=\"6a3c88d\" data-element_type=\"widget\" data-e-type=\"widget\" data-settings=\"{&quot;_animation&quot;:&quot;fadeIn&quot;}\" data-widget_type=\"heading.default\">\n\t\t\t\t<div class=\"elementor-widget-container\">\n\t\t\t\t\t<div class=\"elementor-heading-title elementor-size-default\">Auto limarski radovi \u2013 \u0161to sve uklju\u010duju?<\/div>\t\t\t\t<\/div>\n\t\t\t\t<\/div>\n\t\t\t\t<div class=\"elementor-element elementor-element-f080433 apl-paragraph animated-slow elementor-invisible elementor-widget elementor-widget-text-editor\" data-id=\"f080433\" data-element_type=\"widget\" data-e-type=\"widget\" data-settings=\"{&quot;_animation&quot;:&quot;fadeIn&quot;}\" data-widget_type=\"text-editor.default\">\n\t\t\t\t<div class=\"elementor-widget-container\">\n\t\t\t\t\t\t\t\t\t<p><strong>1. \u0160to uklju\u010duju auto limarski radovi?<\/strong><\/p><ul><li>Popravak o\u0161te\u0107enja karoserije:<\/li><li>Uklanjanje udubljenja, ogrebotina i udaraca.<\/li><li>Sanacija \u0161teta nastalih u prometnim nezgodama.<\/li><\/ul>\t\t\t\t\t\t\t\t<\/div>\n\t\t\t\t<\/div>\n\t\t\t\t<div class=\"elementor-element elementor-element-2b2e876 apl-paragraph animated-slow elementor-invisible elementor-widget elementor-widget-text-editor\" data-id=\"2b2e876\" data-element_type=\"widget\" data-e-type=\"widget\" data-settings=\"{&quot;_animation&quot;:&quot;fadeIn&quot;}\" data-widget_type=\"text-editor.default\">\n\t\t\t\t<div class=\"elementor-widget-container\">\n\t\t\t\t\t\t\t\t\t<p><strong>2. Zamjena i popravak dijelova:<\/strong><\/p><ul><li>Ugradnja novih dijelova limarije poput branika, vrata, blatobrana, haube i pragova.<\/li><li>Zavarivanje i u\u010dvr\u0161\u0107ivanje dijelova karoserije.<\/li><\/ul>\t\t\t\t\t\t\t\t<\/div>\n\t\t\t\t<\/div>\n\t\t\t\t<div class=\"elementor-element elementor-element-504a882 apl-paragraph animated-slow elementor-invisible elementor-widget elementor-widget-text-editor\" data-id=\"504a882\" data-element_type=\"widget\" data-e-type=\"widget\" data-settings=\"{&quot;_animation&quot;:&quot;fadeIn&quot;}\" data-widget_type=\"text-editor.default\">\n\t\t\t\t<div class=\"elementor-widget-container\">\n\t\t\t\t\t\t\t\t\t<p><strong>3. Ravnanje \u0161asije:<\/strong><\/p><ul><li>Kori\u0161tenje specijaliziranih alata za precizno vra\u0107anje vozila u originalno tvorni\u010dko stanje.<\/li><\/ul>\t\t\t\t\t\t\t\t<\/div>\n\t\t\t\t<\/div>\n\t\t\t\t<div class=\"elementor-element elementor-element-4cd9688 apl-paragraph animated-slow elementor-invisible elementor-widget elementor-widget-text-editor\" data-id=\"4cd9688\" data-element_type=\"widget\" data-e-type=\"widget\" data-settings=\"{&quot;_animation&quot;:&quot;fadeIn&quot;}\" data-widget_type=\"text-editor.default\">\n\t\t\t\t<div class=\"elementor-widget-container\">\n\t\t\t\t\t\t\t\t\t<p><strong>4. Antikorozivna za\u0161tita:<\/strong><\/p><ul><li>Nano\u0161enje za\u0161titnih premaza kako bi se sprije\u010dila pojava hr\u0111e i produ\u017eio vijek trajanja vozila.<\/li><\/ul>\t\t\t\t\t\t\t\t<\/div>\n\t\t\t\t<\/div>\n\t\t\t\t<div class=\"elementor-element elementor-element-0900c22 apl-paragraph animated-slow elementor-invisible elementor-widget elementor-widget-text-editor\" data-id=\"0900c22\" data-element_type=\"widget\" data-e-type=\"widget\" data-settings=\"{&quot;_animation&quot;:&quot;fadeIn&quot;}\" data-widget_type=\"text-editor.default\">\n\t\t\t\t<div class=\"elementor-widget-container\">\n\t\t\t\t\t\t\t\t\t<p><strong>5. Priprema za lakiranje:<\/strong><\/p><ul><li>Bru\u0161enje, kitanje i priprema povr\u0161ine za lakiranje, kako bi se postigla savr\u0161ena zavr\u0161na obrada.<\/li><\/ul>\t\t\t\t\t\t\t\t<\/div>\n\t\t\t\t<\/div>\n\t\t\t\t\t<\/div>\n\t\t<\/div>\n\t\t\t\t<div class=\"elementor-column elementor-col-50 elementor-inner-column elementor-element elementor-element-82fb8da\" data-id=\"82fb8da\" data-element_type=\"column\" data-e-type=\"column\">\n\t\t\t<div class=\"elementor-widget-wrap elementor-element-populated\">\n\t\t\t\t\t\t<div class=\"elementor-element elementor-element-4dca448 elementor-widget elementor-widget-image\" data-id=\"4dca448\" data-element_type=\"widget\" data-e-type=\"widget\" data-widget_type=\"image.default\">\n\t\t\t\t<div class=\"elementor-widget-container\">\n\t\t\t\t\t\t\t\t\t\t\t\t\t\t\t<img fetchpriority=\"high\" decoding=\"async\" width=\"800\" height=\"534\" src=\"https:\/\/autoservis24.hr\/wp-content\/uploads\/2025\/03\/791-1024x684.jpg\" class=\"attachment-large size-large wp-image-3869\" alt=\"\" srcset=\"https:\/\/autoservis24.hr\/wp-content\/uploads\/2025\/03\/791-1024x684.jpg 1024w, https:\/\/autoservis24.hr\/wp-content\/uploads\/2025\/03\/791-300x200.jpg 300w, https:\/\/autoservis24.hr\/wp-content\/uploads\/2025\/03\/791-768x513.jpg 768w, https:\/\/autoservis24.hr\/wp-content\/uploads\/2025\/03\/791-1536x1025.jpg 1536w, https:\/\/autoservis24.hr\/wp-content\/uploads\/2025\/03\/791-18x12.jpg 18w, https:\/\/autoservis24.hr\/wp-content\/uploads\/2025\/03\/791-600x401.jpg 600w, https:\/\/autoservis24.hr\/wp-content\/uploads\/2025\/03\/791.jpg 2000w\" sizes=\"(max-width: 800px) 100vw, 800px\" \/>\t\t\t\t\t\t\t\t\t\t\t\t\t\t\t<\/div>\n\t\t\t\t<\/div>\n\t\t\t\t\t<\/div>\n\t\t<\/div>\n\t\t\t\t\t<\/div>\n\t\t<\/section>\n\t\t\t\t\t<\/div>\n\t\t<\/div>\n\t\t\t\t\t<\/div>\n\t\t<\/section>\n\t\t\t\t<\/div>","protected":false},"excerpt":{"rendered":"<p>Profesionalni autolimarski radovi Auto limarski radovi za osobna i terenska vozila obuhva\u0107aju \u0161irok spektar usluga vezanih uz popravak i odr\u017eavanje karoserije automobila. Ova usluga je klju\u010dna za o\u010duvanje estetskog izgleda vozila, ali i za osiguravanje njegove sigurnosti i dugovje\u010dnosti. Prednosti limarskih radova u Autoservisu 24 \u2705 Estetika: Va\u0161e vozilo izgleda kao novo, bez vidljivih tragova [&hellip;]<\/p>\n","protected":false},"author":1,"featured_media":0,"parent":0,"menu_order":0,"comment_status":"closed","ping_status":"closed","template":"","meta":{"_acf_changed":false,"footnotes":""},"class_list":["post-3866","page","type-page","status-publish","hentry"],"acf":[],"_links":{"self":[{"href":"https:\/\/autoservis24.hr\/en\/wp-json\/wp\/v2\/pages\/3866","targetHints":{"allow":["GET"]}}],"collection":[{"href":"https:\/\/autoservis24.hr\/en\/wp-json\/wp\/v2\/pages"}],"about":[{"href":"https:\/\/autoservis24.hr\/en\/wp-json\/wp\/v2\/types\/page"}],"author":[{"embeddable":true,"href":"https:\/\/autoservis24.hr\/en\/wp-json\/wp\/v2\/users\/1"}],"replies":[{"embeddable":true,"href":"https:\/\/autoservis24.hr\/en\/wp-json\/wp\/v2\/comments?post=3866"}],"version-history":[{"count":0,"href":"https:\/\/autoservis24.hr\/en\/wp-json\/wp\/v2\/pages\/3866\/revisions"}],"wp:attachment":[{"href":"https:\/\/autoservis24.hr\/en\/wp-json\/wp\/v2\/media?parent=3866"}],"curies":[{"name":"wp","href":"https:\/\/api.w.org\/{rel}","templated":true}]}}