{"id":3873,"date":"2025-03-10T14:33:15","date_gmt":"2025-03-10T13:33:15","guid":{"rendered":"https:\/\/autoservis24.hr\/?page_id=3873"},"modified":"2025-03-10T14:48:08","modified_gmt":"2025-03-10T13:48:08","slug":"autolakiranje-novo","status":"publish","type":"page","link":"https:\/\/autoservis24.hr\/en\/autolakiranje-novo\/","title":{"rendered":"Autolakiranje &#8211; novo"},"content":{"rendered":"<div data-elementor-type=\"wp-page\" data-elementor-id=\"3873\" class=\"elementor elementor-3873\" data-elementor-post-type=\"page\">\n\t\t\t\t\t\t<section class=\"elementor-section elementor-top-section elementor-element elementor-element-985fdfa elementor-section-height-min-height elementor-section-boxed elementor-section-height-default elementor-section-items-middle\" data-id=\"985fdfa\" data-element_type=\"section\" data-e-type=\"section\" data-settings=\"{&quot;background_background&quot;:&quot;classic&quot;}\">\n\t\t\t\t\t\t\t<div class=\"elementor-background-overlay\"><\/div>\n\t\t\t\t\t\t\t<div class=\"elementor-container elementor-column-gap-default\">\n\t\t\t\t\t<div class=\"elementor-column elementor-col-100 elementor-top-column elementor-element elementor-element-e7e87c8\" data-id=\"e7e87c8\" data-element_type=\"column\" data-e-type=\"column\">\n\t\t\t<div class=\"elementor-widget-wrap elementor-element-populated\">\n\t\t\t\t\t\t<div class=\"elementor-element elementor-element-f00fdd1 animated-slow elementor-invisible elementor-widget elementor-widget-heading\" data-id=\"f00fdd1\" data-element_type=\"widget\" data-e-type=\"widget\" data-settings=\"{&quot;_animation&quot;:&quot;fadeIn&quot;}\" data-widget_type=\"heading.default\">\n\t\t\t\t<div class=\"elementor-widget-container\">\n\t\t\t\t\t<h1 class=\"elementor-heading-title elementor-size-default\">Najmodernija autolakirnica u Hrvatskoj<\/h1>\t\t\t\t<\/div>\n\t\t\t\t<\/div>\n\t\t\t\t\t<\/div>\n\t\t<\/div>\n\t\t\t\t\t<\/div>\n\t\t<\/section>\n\t\t\t\t<section class=\"elementor-section elementor-top-section elementor-element elementor-element-ad7572f elementor-section-height-min-height elementor-section-items-top elementor-section-boxed elementor-section-height-default\" data-id=\"ad7572f\" data-element_type=\"section\" data-e-type=\"section\">\n\t\t\t\t\t\t<div class=\"elementor-container elementor-column-gap-default\">\n\t\t\t\t\t<div class=\"elementor-column elementor-col-100 elementor-top-column elementor-element elementor-element-de9869f\" data-id=\"de9869f\" data-element_type=\"column\" data-e-type=\"column\">\n\t\t\t<div class=\"elementor-widget-wrap elementor-element-populated\">\n\t\t\t\t\t\t<section class=\"elementor-section elementor-inner-section elementor-element elementor-element-c8ea3b7 elementor-section-full_width elementor-section-height-default elementor-section-height-default\" data-id=\"c8ea3b7\" data-element_type=\"section\" data-e-type=\"section\">\n\t\t\t\t\t\t<div class=\"elementor-container elementor-column-gap-default\">\n\t\t\t\t\t<div class=\"elementor-column elementor-col-50 elementor-inner-column elementor-element elementor-element-bf01395\" data-id=\"bf01395\" data-element_type=\"column\" data-e-type=\"column\">\n\t\t\t<div class=\"elementor-widget-wrap elementor-element-populated\">\n\t\t\t\t\t\t<div class=\"elementor-element elementor-element-7c26d81 apl-paragraph animated-slow elementor-invisible elementor-widget elementor-widget-text-editor\" data-id=\"7c26d81\" data-element_type=\"widget\" data-e-type=\"widget\" data-settings=\"{&quot;_animation&quot;:&quot;fadeIn&quot;}\" data-widget_type=\"text-editor.default\">\n\t\t\t\t<div class=\"elementor-widget-container\">\n\t\t\t\t\t\t\t\t\t<p><strong>Auto lakiranje<\/strong><strong> u Autoservisu 24<\/strong>\u00a0predstavlja visoko tehnolo\u0161ki i precizan proces vra\u0107anja estetskog izgleda i za\u0161tite karoserije vozila. Kvalitetno lakiranje ne samo da pobolj\u0161ava izgled automobila, ve\u0107 \u0161titi lim od korozije i vanjskih utjecaja.<\/p>\t\t\t\t\t\t\t\t<\/div>\n\t\t\t\t<\/div>\n\t\t\t\t\t<\/div>\n\t\t<\/div>\n\t\t\t\t<div class=\"elementor-column elementor-col-50 elementor-inner-column elementor-element elementor-element-8de1e89 apl-znacajke-usluge\" data-id=\"8de1e89\" data-element_type=\"column\" data-e-type=\"column\">\n\t\t\t<div class=\"elementor-widget-wrap elementor-element-populated\">\n\t\t\t\t\t\t<div class=\"elementor-element elementor-element-da986e5 animated-slow elementor-invisible elementor-widget elementor-widget-heading\" data-id=\"da986e5\" data-element_type=\"widget\" data-e-type=\"widget\" data-settings=\"{&quot;_animation&quot;:&quot;fadeIn&quot;}\" data-widget_type=\"heading.default\">\n\t\t\t\t<div class=\"elementor-widget-container\">\n\t\t\t\t\t<div class=\"elementor-heading-title elementor-size-default\">Kada je potrebno auto lakiranje?<\/div>\t\t\t\t<\/div>\n\t\t\t\t<\/div>\n\t\t\t\t<div class=\"elementor-element elementor-element-1ed13e9 animated-slow elementor-invisible elementor-widget elementor-widget-text-editor\" data-id=\"1ed13e9\" data-element_type=\"widget\" data-e-type=\"widget\" data-settings=\"{&quot;_animation&quot;:&quot;fadeIn&quot;}\" data-widget_type=\"text-editor.default\">\n\t\t\t\t<div class=\"elementor-widget-container\">\n\t\t\t\t\t\t\t\t\t<p>Auto lakiranje se provodi u sljede\u0107im situacijama:<\/p><ul><li>Nakon\u00a0<strong>limarskih radova<\/strong>\u00a0(npr. zamjena dijelova karoserije).<\/li><li><strong>Popravak o\u0161te\u0107enja<\/strong>\u00a0poput ogrebotina, udubljenja ili o\u0161te\u0107enja boje.<\/li><li>Kod\u00a0<strong>restauracije vozila<\/strong>\u00a0ili promjene boje.<\/li><li>Za\u00a0<strong>osvje\u017eavanje boje<\/strong>\u00a0koja je izblijedjela zbog UV zraka ili starosti.<\/li><\/ul>\t\t\t\t\t\t\t\t<\/div>\n\t\t\t\t<\/div>\n\t\t\t\t\t<\/div>\n\t\t<\/div>\n\t\t\t\t\t<\/div>\n\t\t<\/section>\n\t\t\t\t<section class=\"elementor-section elementor-inner-section elementor-element elementor-element-6164d94 elementor-section-full_width elementor-section-height-default elementor-section-height-default\" data-id=\"6164d94\" data-element_type=\"section\" data-e-type=\"section\">\n\t\t\t\t\t\t<div class=\"elementor-container elementor-column-gap-default\">\n\t\t\t\t\t<div class=\"elementor-column elementor-col-50 elementor-inner-column elementor-element elementor-element-ae73bda\" data-id=\"ae73bda\" data-element_type=\"column\" data-e-type=\"column\">\n\t\t\t<div class=\"elementor-widget-wrap elementor-element-populated\">\n\t\t\t\t\t\t<div class=\"elementor-element elementor-element-82d5689 animated-slow elementor-invisible elementor-widget elementor-widget-heading\" data-id=\"82d5689\" data-element_type=\"widget\" data-e-type=\"widget\" data-settings=\"{&quot;_animation&quot;:&quot;fadeIn&quot;}\" data-widget_type=\"heading.default\">\n\t\t\t\t<div class=\"elementor-widget-container\">\n\t\t\t\t\t<div class=\"elementor-heading-title elementor-size-default\">Koraci u procesu auto lakiranja:<\/div>\t\t\t\t<\/div>\n\t\t\t\t<\/div>\n\t\t\t\t<div class=\"elementor-element elementor-element-3a45226 apl-paragraph animated-slow elementor-invisible elementor-widget elementor-widget-text-editor\" data-id=\"3a45226\" data-element_type=\"widget\" data-e-type=\"widget\" data-settings=\"{&quot;_animation&quot;:&quot;fadeIn&quot;}\" data-widget_type=\"text-editor.default\">\n\t\t\t\t<div class=\"elementor-widget-container\">\n\t\t\t\t\t\t\t\t\t<p><strong>1. Priprema vozila:<\/strong><\/p><ul><li>\u010ci\u0161\u0107enje vozila od prljav\u0161tine, masti i drugih ne\u010disto\u0107a.<\/li><li>Maskiranje neza\u0161ti\u0107enih dijelova (stakla, gume, kromirani dijelovi) kako bi se sprije\u010dilo ne\u017eeljeno nano\u0161enje<\/li><\/ul>\t\t\t\t\t\t\t\t<\/div>\n\t\t\t\t<\/div>\n\t\t\t\t<div class=\"elementor-element elementor-element-4f4a8be apl-paragraph animated-slow elementor-invisible elementor-widget elementor-widget-text-editor\" data-id=\"4f4a8be\" data-element_type=\"widget\" data-e-type=\"widget\" data-settings=\"{&quot;_animation&quot;:&quot;fadeIn&quot;}\" data-widget_type=\"text-editor.default\">\n\t\t\t\t<div class=\"elementor-widget-container\">\n\t\t\t\t\t\t\t\t\t<p><strong>2. Priprema povr\u0161ine:<\/strong><\/p><ul><li>Bru\u0161enje karoserije: Uklanja se stara boja, hr\u0111a i nepravilnosti.<\/li><li>Popravak o\u0161te\u0107enja: Kori\u0161tenje kita za popunjavanje udubljenja i neravnina.<\/li><li>Ponovno bru\u0161enje i ravnanje povr\u0161ine kako bi bila potpuno glatka.<\/li><\/ul>\t\t\t\t\t\t\t\t<\/div>\n\t\t\t\t<\/div>\n\t\t\t\t<div class=\"elementor-element elementor-element-b96de59 apl-paragraph animated-slow elementor-invisible elementor-widget elementor-widget-text-editor\" data-id=\"b96de59\" data-element_type=\"widget\" data-e-type=\"widget\" data-settings=\"{&quot;_animation&quot;:&quot;fadeIn&quot;}\" data-widget_type=\"text-editor.default\">\n\t\t\t\t<div class=\"elementor-widget-container\">\n\t\t\t\t\t\t\t\t\t<p><strong>3. Nano\u0161enje temeljnog premaza (primer):<\/strong><\/p><ul><li>Temeljni premaz se nanosi kako bi se osigurala dobra vezanost boje za metalnu povr\u0161inu.<\/li><li>Primer tako\u0111er poma\u017ee u za\u0161titi metala od korozije.<\/li><li>Nakon su\u0161enja, povr\u0161ina se lagano brusi za bolju pripremu za boju.<\/li><\/ul>\t\t\t\t\t\t\t\t<\/div>\n\t\t\t\t<\/div>\n\t\t\t\t<div class=\"elementor-element elementor-element-cbbaec7 apl-paragraph animated-slow elementor-invisible elementor-widget elementor-widget-text-editor\" data-id=\"cbbaec7\" data-element_type=\"widget\" data-e-type=\"widget\" data-settings=\"{&quot;_animation&quot;:&quot;fadeIn&quot;}\" data-widget_type=\"text-editor.default\">\n\t\t\t\t<div class=\"elementor-widget-container\">\n\t\t\t\t\t\t\t\t\t<p><strong>4. Lakiranje u komori za lakiranje:<\/strong><\/p><ul><li>Vozilo se premje\u0161ta u lakirnu komoru koja ima kontrolirane uvjete (temperatura, ventilacija, filtracija zraka).<\/li><li>Nano\u0161enje boje: Boja se nanosi u vi\u0161e slojeva ( 2-6 sloja ovisno proizvo\u0111a\u010du i starosti vozila), ravnomjerno i bez curenja.<\/li><li>Nakon boje, nanosi se prozirni za\u0161titni sloj (clear coat) za sjaj i dodatnu za\u0161titu.<\/li><\/ul>\t\t\t\t\t\t\t\t<\/div>\n\t\t\t\t<\/div>\n\t\t\t\t<div class=\"elementor-element elementor-element-64d50c2 apl-paragraph animated-slow elementor-invisible elementor-widget elementor-widget-text-editor\" data-id=\"64d50c2\" data-element_type=\"widget\" data-e-type=\"widget\" data-settings=\"{&quot;_animation&quot;:&quot;fadeIn&quot;}\" data-widget_type=\"text-editor.default\">\n\t\t\t\t<div class=\"elementor-widget-container\">\n\t\t\t\t\t\t\t\t\t<p><strong>5. Su\u0161enje boje:<\/strong><\/p><ul><li>Su\u0161enje se vr\u0161i u lakirnoj komori uz pomo\u0107 infracrvenih grija\u010da ili na kontroliranoj temperaturi.<\/li><li>Moderne komore omogu\u0107uju brzo su\u0161enje i bolje vezivanje slojeva boje.<\/li><\/ul>\t\t\t\t\t\t\t\t<\/div>\n\t\t\t\t<\/div>\n\t\t\t\t<div class=\"elementor-element elementor-element-96600ba apl-paragraph animated-slow elementor-invisible elementor-widget elementor-widget-text-editor\" data-id=\"96600ba\" data-element_type=\"widget\" data-e-type=\"widget\" data-settings=\"{&quot;_animation&quot;:&quot;fadeIn&quot;}\" data-widget_type=\"text-editor.default\">\n\t\t\t\t<div class=\"elementor-widget-container\">\n\t\t\t\t\t\t\t\t\t<p><strong>6. Poliranje i zavr\u0161na obrada:<\/strong><\/p><ul><li>Nakon \u0161to se boja potpuno osu\u0161i, vozilo se polira kako bi se postigao visoki sjaj.<\/li><li>Koriste se fini abrazivi i polirne paste za uklanjanje sitnih nepravilnosti i postizanje savr\u0161eno glatke povr\u0161ine.<\/li><\/ul>\t\t\t\t\t\t\t\t<\/div>\n\t\t\t\t<\/div>\n\t\t\t\t<div class=\"elementor-element elementor-element-c163676 apl-paragraph animated-slow elementor-invisible elementor-widget elementor-widget-text-editor\" data-id=\"c163676\" data-element_type=\"widget\" data-e-type=\"widget\" data-settings=\"{&quot;_animation&quot;:&quot;fadeIn&quot;}\" data-widget_type=\"text-editor.default\">\n\t\t\t\t<div class=\"elementor-widget-container\">\n\t\t\t\t\t\t\t\t\t<p><strong>7. Kontrola kvalitete:<\/strong><\/p><ul><li>Pregledavaju se svi detalji kako bi se osiguralo da nema nedostataka, poput naran\u010dine kore, kapljica boje ili nepravilnosti u sjaju.<\/li><li>Ako je potrebno, vr\u0161i se lokalni popravak ili dodatno poliranje.<\/li><\/ul>\t\t\t\t\t\t\t\t<\/div>\n\t\t\t\t<\/div>\n\t\t\t\t\t<\/div>\n\t\t<\/div>\n\t\t\t\t<div class=\"elementor-column elementor-col-50 elementor-inner-column elementor-element elementor-element-7e70ada\" data-id=\"7e70ada\" data-element_type=\"column\" data-e-type=\"column\">\n\t\t\t<div class=\"elementor-widget-wrap elementor-element-populated\">\n\t\t\t\t\t\t<div class=\"elementor-element elementor-element-a98fef6 elementor-widget-tablet__width-initial elementor-widget-mobile__width-inherit elementor-widget elementor-widget-image\" data-id=\"a98fef6\" data-element_type=\"widget\" data-e-type=\"widget\" data-widget_type=\"image.default\">\n\t\t\t\t<div class=\"elementor-widget-container\">\n\t\t\t\t\t\t\t\t\t\t\t\t\t\t\t<img fetchpriority=\"high\" decoding=\"async\" width=\"1333\" height=\"2000\" src=\"https:\/\/autoservis24.hr\/wp-content\/uploads\/2025\/03\/2149750002-1.jpg\" class=\"attachment-full size-full wp-image-3880\" alt=\"\" srcset=\"https:\/\/autoservis24.hr\/wp-content\/uploads\/2025\/03\/2149750002-1.jpg 1333w, https:\/\/autoservis24.hr\/wp-content\/uploads\/2025\/03\/2149750002-1-200x300.jpg 200w, https:\/\/autoservis24.hr\/wp-content\/uploads\/2025\/03\/2149750002-1-682x1024.jpg 682w, https:\/\/autoservis24.hr\/wp-content\/uploads\/2025\/03\/2149750002-1-768x1152.jpg 768w, https:\/\/autoservis24.hr\/wp-content\/uploads\/2025\/03\/2149750002-1-1024x1536.jpg 1024w, https:\/\/autoservis24.hr\/wp-content\/uploads\/2025\/03\/2149750002-1-8x12.jpg 8w, https:\/\/autoservis24.hr\/wp-content\/uploads\/2025\/03\/2149750002-1-600x900.jpg 600w\" sizes=\"(max-width: 1333px) 100vw, 1333px\" \/>\t\t\t\t\t\t\t\t\t\t\t\t\t\t\t<\/div>\n\t\t\t\t<\/div>\n\t\t\t\t\t<\/div>\n\t\t<\/div>\n\t\t\t\t\t<\/div>\n\t\t<\/section>\n\t\t\t\t\t<\/div>\n\t\t<\/div>\n\t\t\t\t\t<\/div>\n\t\t<\/section>\n\t\t<div class=\"elementor-element elementor-element-b1a2882 e-flex e-con-boxed e-con e-parent\" data-id=\"b1a2882\" data-element_type=\"container\" data-e-type=\"container\">\n\t\t\t\t\t<div class=\"e-con-inner\">\n\t\t<div class=\"elementor-element elementor-element-5d43777 e-con-full e-flex e-con e-child\" data-id=\"5d43777\" data-element_type=\"container\" data-e-type=\"container\">\n\t\t\t\t<div class=\"elementor-element elementor-element-50a85f7 animated-slow elementor-invisible elementor-widget elementor-widget-heading\" data-id=\"50a85f7\" data-element_type=\"widget\" data-e-type=\"widget\" data-settings=\"{&quot;_animation&quot;:&quot;fadeIn&quot;}\" data-widget_type=\"heading.default\">\n\t\t\t\t<div class=\"elementor-widget-container\">\n\t\t\t\t\t<div class=\"elementor-heading-title elementor-size-default\">Prednosti modernih lakirnica:<\/div>\t\t\t\t<\/div>\n\t\t\t\t<\/div>\n\t\t\t\t<div class=\"elementor-element elementor-element-c4ae2f9 animated-slow elementor-invisible elementor-widget elementor-widget-text-editor\" data-id=\"c4ae2f9\" data-element_type=\"widget\" data-e-type=\"widget\" data-settings=\"{&quot;_animation&quot;:&quot;fadeIn&quot;}\" data-widget_type=\"text-editor.default\">\n\t\t\t\t<div class=\"elementor-widget-container\">\n\t\t\t\t\t\t\t\t\t<ul><li><strong>Lakirne komore<\/strong>\u00a0sprje\u010davaju prodor pra\u0161ine i ne\u010disto\u0107a.<\/li><li>Kori\u0161tenje\u00a0<strong>ekolo\u0161kih boja na bazi vode<\/strong>\u00a0koje su manje \u0161tetne za okoli\u0161.<\/li><li><strong>Ra\u010dunalno mije\u0161anje boja<\/strong>\u00a0osigurava savr\u0161eno uskla\u0111ivanje s originalnom bojom vozila.<\/li><li><strong>Br\u017ee su\u0161enje<\/strong>\u00a0zahvaljuju\u0107i modernim tehnologijama, \u0161to smanjuje vrijeme popravka.<\/li><\/ul>\t\t\t\t\t\t\t\t<\/div>\n\t\t\t\t<\/div>\n\t\t\t\t<\/div>\n\t\t<div class=\"elementor-element elementor-element-9aff5e1 e-con-full e-flex e-con e-child\" data-id=\"9aff5e1\" data-element_type=\"container\" data-e-type=\"container\">\n\t\t\t\t<div class=\"elementor-element elementor-element-0d0fb0a animated-slow elementor-invisible elementor-widget elementor-widget-heading\" data-id=\"0d0fb0a\" data-element_type=\"widget\" data-e-type=\"widget\" data-settings=\"{&quot;_animation&quot;:&quot;fadeIn&quot;}\" data-widget_type=\"heading.default\">\n\t\t\t\t<div class=\"elementor-widget-container\">\n\t\t\t\t\t<div class=\"elementor-heading-title elementor-size-default\">Savjeti za odr\u017eavanje vozila nakon lakiranja:<\/div>\t\t\t\t<\/div>\n\t\t\t\t<\/div>\n\t\t\t\t<div class=\"elementor-element elementor-element-477b49a animated-slow elementor-invisible elementor-widget elementor-widget-text-editor\" data-id=\"477b49a\" data-element_type=\"widget\" data-e-type=\"widget\" data-settings=\"{&quot;_animation&quot;:&quot;fadeIn&quot;}\" data-widget_type=\"text-editor.default\">\n\t\t\t\t<div class=\"elementor-widget-container\">\n\t\t\t\t\t\t\t\t\t<ul><li>Kod pranja vozila NE koristi visokotla\u010dne pera\u010de<\/li><li>Kod pranja vozila koristiti\u00a0<strong>nje\u017ene \u0161ampone<\/strong>\u00a0za pranje i\u00a0<strong>mekane krpe<\/strong>.<\/li><li>Izbjegavati izlaganje vozila direktnom suncu ili ekstremnim vremenskim uvjetima odmah nakon lakiranja.<\/li><\/ul>\t\t\t\t\t\t\t\t<\/div>\n\t\t\t\t<\/div>\n\t\t\t\t<\/div>\n\t\t\t\t\t<\/div>\n\t\t\t\t<\/div>\n\t\t\t\t<\/div>","protected":false},"excerpt":{"rendered":"<p>Najmodernija autolakirnica u Hrvatskoj Auto lakiranje u Autoservisu 24\u00a0predstavlja visoko tehnolo\u0161ki i precizan proces vra\u0107anja estetskog izgleda i za\u0161tite karoserije vozila. Kvalitetno lakiranje ne samo da pobolj\u0161ava izgled automobila, ve\u0107 \u0161titi lim od korozije i vanjskih utjecaja. Kada je potrebno auto lakiranje? Auto lakiranje se provodi u sljede\u0107im situacijama: Nakon\u00a0limarskih radova\u00a0(npr. zamjena dijelova karoserije). Popravak [&hellip;]<\/p>\n","protected":false},"author":1,"featured_media":0,"parent":0,"menu_order":0,"comment_status":"closed","ping_status":"closed","template":"","meta":{"_acf_changed":false,"footnotes":""},"class_list":["post-3873","page","type-page","status-publish","hentry"],"acf":[],"_links":{"self":[{"href":"https:\/\/autoservis24.hr\/en\/wp-json\/wp\/v2\/pages\/3873","targetHints":{"allow":["GET"]}}],"collection":[{"href":"https:\/\/autoservis24.hr\/en\/wp-json\/wp\/v2\/pages"}],"about":[{"href":"https:\/\/autoservis24.hr\/en\/wp-json\/wp\/v2\/types\/page"}],"author":[{"embeddable":true,"href":"https:\/\/autoservis24.hr\/en\/wp-json\/wp\/v2\/users\/1"}],"replies":[{"embeddable":true,"href":"https:\/\/autoservis24.hr\/en\/wp-json\/wp\/v2\/comments?post=3873"}],"version-history":[{"count":0,"href":"https:\/\/autoservis24.hr\/en\/wp-json\/wp\/v2\/pages\/3873\/revisions"}],"wp:attachment":[{"href":"https:\/\/autoservis24.hr\/en\/wp-json\/wp\/v2\/media?parent=3873"}],"curies":[{"name":"wp","href":"https:\/\/api.w.org\/{rel}","templated":true}]}}