{"id":596,"date":"2023-04-17T16:04:20","date_gmt":"2023-04-17T14:04:20","guid":{"rendered":"https:\/\/autoservis24.hr\/?page_id=596"},"modified":"2023-05-25T11:43:51","modified_gmt":"2023-05-25T09:43:51","slug":"visokoskolovano-osoblje","status":"publish","type":"page","link":"https:\/\/autoservis24.hr\/en\/visokoskolovano-osoblje\/","title":{"rendered":"Highly educated staff"},"content":{"rendered":"<div data-elementor-type=\"wp-page\" data-elementor-id=\"596\" class=\"elementor elementor-596\" data-elementor-post-type=\"page\">\n\t\t\t\t\t\t<section class=\"elementor-section elementor-top-section elementor-element elementor-element-d20e5be elementor-section-height-min-height elementor-section-items-top apl-tesla-page elementor-section-boxed elementor-section-height-default\" data-id=\"d20e5be\" data-element_type=\"section\" data-e-type=\"section\">\n\t\t\t\t\t\t<div class=\"elementor-container elementor-column-gap-default\">\n\t\t\t\t\t<div class=\"elementor-column elementor-col-100 elementor-top-column elementor-element elementor-element-d808359\" data-id=\"d808359\" data-element_type=\"column\" data-e-type=\"column\">\n\t\t\t<div class=\"elementor-widget-wrap elementor-element-populated\">\n\t\t\t\t\t\t<div class=\"elementor-element elementor-element-b719e17 animated-slow elementor-invisible elementor-widget elementor-widget-heading\" data-id=\"b719e17\" data-element_type=\"widget\" data-e-type=\"widget\" data-settings=\"{&quot;_animation&quot;:&quot;fadeIn&quot;}\" data-widget_type=\"heading.default\">\n\t\t\t\t<div class=\"elementor-widget-container\">\n\t\t\t\t\t<h2 class=\"elementor-heading-title elementor-size-default\">Highly educated staff<\/h2>\t\t\t\t<\/div>\n\t\t\t\t<\/div>\n\t\t\t\t<section class=\"elementor-section elementor-inner-section elementor-element elementor-element-d4ab877 elementor-section-boxed elementor-section-height-default elementor-section-height-default\" data-id=\"d4ab877\" data-element_type=\"section\" data-e-type=\"section\">\n\t\t\t\t\t\t<div class=\"elementor-container elementor-column-gap-default\">\n\t\t\t\t\t<div class=\"elementor-column elementor-col-100 elementor-inner-column elementor-element elementor-element-cf88b15\" data-id=\"cf88b15\" data-element_type=\"column\" data-e-type=\"column\">\n\t\t\t<div class=\"elementor-widget-wrap elementor-element-populated\">\n\t\t\t\t\t\t<div class=\"elementor-element elementor-element-25e14c7 apl-paragraph animated-slow elementor-invisible elementor-widget elementor-widget-text-editor\" data-id=\"25e14c7\" data-element_type=\"widget\" data-e-type=\"widget\" data-settings=\"{&quot;_animation&quot;:&quot;fadeIn&quot;}\" data-widget_type=\"text-editor.default\">\n\t\t\t\t<div class=\"elementor-widget-container\">\n\t\t\t\t\t\t\t\t\t<p>In order to provide the highest quality service according to the high criteria set by the manufacturer, our staff undergoes various training in order to justify the trust you placed in us when you left your vehicle in our hands.<\/p>\t\t\t\t\t\t\t\t<\/div>\n\t\t\t\t<\/div>\n\t\t\t\t\t<\/div>\n\t\t<\/div>\n\t\t\t\t\t<\/div>\n\t\t<\/section>\n\t\t\t\t\t<\/div>\n\t\t<\/div>\n\t\t\t\t\t<\/div>\n\t\t<\/section>\n\t\t\t\t<section class=\"elementor-section elementor-top-section elementor-element elementor-element-e528f71 elementor-section-boxed elementor-section-height-default elementor-section-height-default\" data-id=\"e528f71\" data-element_type=\"section\" data-e-type=\"section\">\n\t\t\t\t\t\t<div class=\"elementor-container elementor-column-gap-default\">\n\t\t\t\t\t<div class=\"elementor-column elementor-col-100 elementor-top-column elementor-element elementor-element-b5aa07f\" data-id=\"b5aa07f\" data-element_type=\"column\" data-e-type=\"column\">\n\t\t\t<div class=\"elementor-widget-wrap elementor-element-populated\">\n\t\t\t\t\t\t<div class=\"elementor-element elementor-element-703e543 elementor-widget elementor-widget-gallery\" data-id=\"703e543\" data-element_type=\"widget\" data-e-type=\"widget\" data-settings=\"{&quot;columns&quot;:3,&quot;lazyload&quot;:&quot;yes&quot;,&quot;gallery_layout&quot;:&quot;grid&quot;,&quot;columns_tablet&quot;:2,&quot;columns_mobile&quot;:1,&quot;gap&quot;:{&quot;unit&quot;:&quot;px&quot;,&quot;size&quot;:10,&quot;sizes&quot;:[]},&quot;gap_tablet&quot;:{&quot;unit&quot;:&quot;px&quot;,&quot;size&quot;:10,&quot;sizes&quot;:[]},&quot;gap_mobile&quot;:{&quot;unit&quot;:&quot;px&quot;,&quot;size&quot;:10,&quot;sizes&quot;:[]},&quot;link_to&quot;:&quot;file&quot;,&quot;aspect_ratio&quot;:&quot;3:2&quot;,&quot;overlay_background&quot;:&quot;yes&quot;,&quot;content_hover_animation&quot;:&quot;fade-in&quot;}\" data-widget_type=\"gallery.default\">\n\t\t\t\t<div class=\"elementor-widget-container\">\n\t\t\t\t\t\t\t<div class=\"elementor-gallery__container\">\n\t\t\t\t\t\t\t<a class=\"e-gallery-item elementor-gallery-item elementor-animated-content\" href=\"https:\/\/autoservis24.hr\/wp-content\/uploads\/2023\/04\/Drazen-Badovinac.jpg\" data-elementor-open-lightbox=\"yes\" data-elementor-lightbox-slideshow=\"703e543\" data-elementor-lightbox-title=\"Drazen-Badovinac\" data-e-action-hash=\"#elementor-action%3Aaction%3Dlightbox%26settings%3DeyJpZCI6NTcxLCJ1cmwiOiJodHRwczpcL1wvYXV0b3NlcnZpczI0LmhyXC93cC1jb250ZW50XC91cGxvYWRzXC8yMDIzXC8wNFwvRHJhemVuLUJhZG92aW5hYy5qcGciLCJzbGlkZXNob3ciOiI3MDNlNTQzIn0%3D\">\n\t\t\t\t\t<div class=\"e-gallery-image elementor-gallery-item__image\" data-thumbnail=\"https:\/\/autoservis24.hr\/wp-content\/uploads\/2023\/04\/Drazen-Badovinac-768x544.jpg\" data-width=\"768\" data-height=\"544\" aria-label=\"\" role=\"img\" ><\/div>\n\t\t\t\t\t\t\t\t\t\t\t<div class=\"elementor-gallery-item__overlay\"><\/div>\n\t\t\t\t\t\t\t\t\t\t\t\t\t\t<\/a>\n\t\t\t\t\t\t\t<a class=\"e-gallery-item elementor-gallery-item elementor-animated-content\" href=\"https:\/\/autoservis24.hr\/wp-content\/uploads\/2023\/04\/Li-Mikulin-model-3.jpg\" data-elementor-open-lightbox=\"yes\" data-elementor-lightbox-slideshow=\"703e543\" data-elementor-lightbox-title=\"Li-Mikulin-model-3\" data-e-action-hash=\"#elementor-action%3Aaction%3Dlightbox%26settings%3DeyJpZCI6NjAxLCJ1cmwiOiJodHRwczpcL1wvYXV0b3NlcnZpczI0LmhyXC93cC1jb250ZW50XC91cGxvYWRzXC8yMDIzXC8wNFwvTGktTWlrdWxpbi1tb2RlbC0zLmpwZyIsInNsaWRlc2hvdyI6IjcwM2U1NDMifQ%3D%3D\">\n\t\t\t\t\t<div class=\"e-gallery-image elementor-gallery-item__image\" data-thumbnail=\"https:\/\/autoservis24.hr\/wp-content\/uploads\/2023\/04\/Li-Mikulin-model-3-768x544.jpg\" data-width=\"768\" data-height=\"544\" aria-label=\"\" role=\"img\" ><\/div>\n\t\t\t\t\t\t\t\t\t\t\t<div class=\"elementor-gallery-item__overlay\"><\/div>\n\t\t\t\t\t\t\t\t\t\t\t\t\t\t<\/a>\n\t\t\t\t\t\t\t<a class=\"e-gallery-item elementor-gallery-item elementor-animated-content\" href=\"https:\/\/autoservis24.hr\/wp-content\/uploads\/2023\/04\/MArko-Puklin-2.jpg\" data-elementor-open-lightbox=\"yes\" data-elementor-lightbox-slideshow=\"703e543\" data-elementor-lightbox-title=\"MArko-Puklin-2\" data-e-action-hash=\"#elementor-action%3Aaction%3Dlightbox%26settings%3DeyJpZCI6NjAyLCJ1cmwiOiJodHRwczpcL1wvYXV0b3NlcnZpczI0LmhyXC93cC1jb250ZW50XC91cGxvYWRzXC8yMDIzXC8wNFwvTUFya28tUHVrbGluLTIuanBnIiwic2xpZGVzaG93IjoiNzAzZTU0MyJ9\">\n\t\t\t\t\t<div class=\"e-gallery-image elementor-gallery-item__image\" data-thumbnail=\"https:\/\/autoservis24.hr\/wp-content\/uploads\/2023\/04\/MArko-Puklin-2-768x543.jpg\" data-width=\"768\" data-height=\"543\" aria-label=\"\" role=\"img\" ><\/div>\n\t\t\t\t\t\t\t\t\t\t\t<div class=\"elementor-gallery-item__overlay\"><\/div>\n\t\t\t\t\t\t\t\t\t\t\t\t\t\t<\/a>\n\t\t\t\t\t\t\t<a class=\"e-gallery-item elementor-gallery-item elementor-animated-content\" href=\"https:\/\/autoservis24.hr\/wp-content\/uploads\/2023\/04\/Drazen-Badovinac-2.jpg\" data-elementor-open-lightbox=\"yes\" data-elementor-lightbox-slideshow=\"703e543\" data-elementor-lightbox-title=\"Drazen-Badovinac-2\" data-e-action-hash=\"#elementor-action%3Aaction%3Dlightbox%26settings%3DeyJpZCI6NjAzLCJ1cmwiOiJodHRwczpcL1wvYXV0b3NlcnZpczI0LmhyXC93cC1jb250ZW50XC91cGxvYWRzXC8yMDIzXC8wNFwvRHJhemVuLUJhZG92aW5hYy0yLmpwZyIsInNsaWRlc2hvdyI6IjcwM2U1NDMifQ%3D%3D\">\n\t\t\t\t\t<div class=\"e-gallery-image elementor-gallery-item__image\" data-thumbnail=\"https:\/\/autoservis24.hr\/wp-content\/uploads\/2023\/04\/Drazen-Badovinac-2-768x542.jpg\" data-width=\"768\" data-height=\"542\" aria-label=\"\" role=\"img\" ><\/div>\n\t\t\t\t\t\t\t\t\t\t\t<div class=\"elementor-gallery-item__overlay\"><\/div>\n\t\t\t\t\t\t\t\t\t\t\t\t\t\t<\/a>\n\t\t\t\t\t\t\t<a class=\"e-gallery-item elementor-gallery-item elementor-animated-content\" href=\"https:\/\/autoservis24.hr\/wp-content\/uploads\/2023\/04\/Li-Mikulin.jpg\" data-elementor-open-lightbox=\"yes\" data-elementor-lightbox-slideshow=\"703e543\" data-elementor-lightbox-title=\"Li-Mikulin\" data-e-action-hash=\"#elementor-action%3Aaction%3Dlightbox%26settings%3DeyJpZCI6NjA2LCJ1cmwiOiJodHRwczpcL1wvYXV0b3NlcnZpczI0LmhyXC93cC1jb250ZW50XC91cGxvYWRzXC8yMDIzXC8wNFwvTGktTWlrdWxpbi5qcGciLCJzbGlkZXNob3ciOiI3MDNlNTQzIn0%3D\">\n\t\t\t\t\t<div class=\"e-gallery-image elementor-gallery-item__image\" data-thumbnail=\"https:\/\/autoservis24.hr\/wp-content\/uploads\/2023\/04\/Li-Mikulin-768x548.jpg\" data-width=\"768\" data-height=\"548\" aria-label=\"visoko\u0161kolovano osoblje\" role=\"img\" ><\/div>\n\t\t\t\t\t\t\t\t\t\t\t<div class=\"elementor-gallery-item__overlay\"><\/div>\n\t\t\t\t\t\t\t\t\t\t\t\t\t\t<\/a>\n\t\t\t\t\t\t\t<a class=\"e-gallery-item elementor-gallery-item elementor-animated-content\" href=\"https:\/\/autoservis24.hr\/wp-content\/uploads\/2023\/04\/Marko-Puklin.jpg\" data-elementor-open-lightbox=\"yes\" data-elementor-lightbox-slideshow=\"703e543\" data-elementor-lightbox-title=\"Marko-Puklin\" data-e-action-hash=\"#elementor-action%3Aaction%3Dlightbox%26settings%3DeyJpZCI6NjA3LCJ1cmwiOiJodHRwczpcL1wvYXV0b3NlcnZpczI0LmhyXC93cC1jb250ZW50XC91cGxvYWRzXC8yMDIzXC8wNFwvTWFya28tUHVrbGluLmpwZyIsInNsaWRlc2hvdyI6IjcwM2U1NDMifQ%3D%3D\">\n\t\t\t\t\t<div class=\"e-gallery-image elementor-gallery-item__image\" data-thumbnail=\"https:\/\/autoservis24.hr\/wp-content\/uploads\/2023\/04\/Marko-Puklin-768x541.jpg\" data-width=\"768\" data-height=\"541\" aria-label=\"visoko\u0161kolovano osoblje\" role=\"img\" ><\/div>\n\t\t\t\t\t\t\t\t\t\t\t<div class=\"elementor-gallery-item__overlay\"><\/div>\n\t\t\t\t\t\t\t\t\t\t\t\t\t\t<\/a>\n\t\t\t\t\t\t\t<a class=\"e-gallery-item elementor-gallery-item elementor-animated-content\" href=\"https:\/\/autoservis24.hr\/wp-content\/uploads\/2023\/04\/I-car-Drazen-Badovinac.jpg\" data-elementor-open-lightbox=\"yes\" data-elementor-lightbox-slideshow=\"703e543\" data-elementor-lightbox-title=\"I-car-Drazen-Badovinac\" data-e-action-hash=\"#elementor-action%3Aaction%3Dlightbox%26settings%3DeyJpZCI6NjA0LCJ1cmwiOiJodHRwczpcL1wvYXV0b3NlcnZpczI0LmhyXC93cC1jb250ZW50XC91cGxvYWRzXC8yMDIzXC8wNFwvSS1jYXItRHJhemVuLUJhZG92aW5hYy5qcGciLCJzbGlkZXNob3ciOiI3MDNlNTQzIn0%3D\">\n\t\t\t\t\t<div class=\"e-gallery-image elementor-gallery-item__image\" data-thumbnail=\"https:\/\/autoservis24.hr\/wp-content\/uploads\/2023\/04\/I-car-Drazen-Badovinac-768x577.jpg\" data-width=\"768\" data-height=\"577\" aria-label=\"\" role=\"img\" ><\/div>\n\t\t\t\t\t\t\t\t\t\t\t<div class=\"elementor-gallery-item__overlay\"><\/div>\n\t\t\t\t\t\t\t\t\t\t\t\t\t\t<\/a>\n\t\t\t\t\t\t\t<a class=\"e-gallery-item elementor-gallery-item elementor-animated-content\" href=\"https:\/\/autoservis24.hr\/wp-content\/uploads\/2023\/04\/Li-I-car.jpg\" data-elementor-open-lightbox=\"yes\" data-elementor-lightbox-slideshow=\"703e543\" data-elementor-lightbox-title=\"Li-I-car\" data-e-action-hash=\"#elementor-action%3Aaction%3Dlightbox%26settings%3DeyJpZCI6NjA1LCJ1cmwiOiJodHRwczpcL1wvYXV0b3NlcnZpczI0LmhyXC93cC1jb250ZW50XC91cGxvYWRzXC8yMDIzXC8wNFwvTGktSS1jYXIuanBnIiwic2xpZGVzaG93IjoiNzAzZTU0MyJ9\">\n\t\t\t\t\t<div class=\"e-gallery-image elementor-gallery-item__image\" data-thumbnail=\"https:\/\/autoservis24.hr\/wp-content\/uploads\/2023\/04\/Li-I-car-768x564.jpg\" data-width=\"768\" data-height=\"564\" aria-label=\"osoblje\" role=\"img\" ><\/div>\n\t\t\t\t\t\t\t\t\t\t\t<div class=\"elementor-gallery-item__overlay\"><\/div>\n\t\t\t\t\t\t\t\t\t\t\t\t\t\t<\/a>\n\t\t\t\t\t<\/div>\n\t\t\t\t\t<\/div>\n\t\t\t\t<\/div>\n\t\t\t\t\t<\/div>\n\t\t<\/div>\n\t\t\t\t\t<\/div>\n\t\t<\/section>\n\t\t\t\t<\/div>","protected":false},"excerpt":{"rendered":"<p>Visoko\u0161kolovano osoblje U svrhu pru\u017eanja najkvalitetnije usluge po visoko postavljenim kriterijima od strane proizvo\u0111a\u010da, na\u0161e osoblje prolazi kroz razna usavr\u0161avanja kako bi opravdali povjerenje koje ste nam Vi pru\u017eili, kada ste prepustili svoje vozilo u na\u0161e ruke.<\/p>","protected":false},"author":1,"featured_media":0,"parent":0,"menu_order":0,"comment_status":"closed","ping_status":"closed","template":"","meta":{"_acf_changed":false,"footnotes":""},"class_list":["post-596","page","type-page","status-publish","hentry"],"acf":[],"_links":{"self":[{"href":"https:\/\/autoservis24.hr\/en\/wp-json\/wp\/v2\/pages\/596","targetHints":{"allow":["GET"]}}],"collection":[{"href":"https:\/\/autoservis24.hr\/en\/wp-json\/wp\/v2\/pages"}],"about":[{"href":"https:\/\/autoservis24.hr\/en\/wp-json\/wp\/v2\/types\/page"}],"author":[{"embeddable":true,"href":"https:\/\/autoservis24.hr\/en\/wp-json\/wp\/v2\/users\/1"}],"replies":[{"embeddable":true,"href":"https:\/\/autoservis24.hr\/en\/wp-json\/wp\/v2\/comments?post=596"}],"version-history":[{"count":0,"href":"https:\/\/autoservis24.hr\/en\/wp-json\/wp\/v2\/pages\/596\/revisions"}],"wp:attachment":[{"href":"https:\/\/autoservis24.hr\/en\/wp-json\/wp\/v2\/media?parent=596"}],"curies":[{"name":"wp","href":"https:\/\/api.w.org\/{rel}","templated":true}]}}