{"id":2638,"date":"2023-05-29T10:19:37","date_gmt":"2023-05-29T08:19:37","guid":{"rendered":"https:\/\/autoservis24.hr\/?post_type=product&#038;p=2638"},"modified":"2023-07-20T12:19:45","modified_gmt":"2023-07-20T10:19:45","slug":"metropolis-400-allure-euro5","status":"publish","type":"product","link":"https:\/\/autoservis24.hr\/en\/product\/metropolis-400-allure-euro5\/","title":{"rendered":"METROPOLIS 400 ALLURE EURO5"},"content":{"rendered":"<table>\n<tbody>\n<tr>\n<td>norm<\/td>\n<td>EURO 5<\/td>\n<\/tr>\n<tr>\n<td>homologation<\/td>\n<td>L5e-A<\/td>\n<\/tr>\n<tr>\n<td>model<\/td>\n<td>MD16<\/td>\n<\/tr>\n<tr>\n<td>type<\/td>\n<td>1 cylinder 4T<\/td>\n<\/tr>\n<tr>\n<td>volume (ccm)<\/td>\n<td>399<\/td>\n<\/tr>\n<tr>\n<td>fuel injection<\/td>\n<td>Electronic injection<\/td>\n<\/tr>\n<tr>\n<td>bore and stroke (mm x mm)<\/td>\n<td>84 x 72<\/td>\n<\/tr>\n<tr>\n<td>engine cooling<\/td>\n<td>teku\u0107ina<\/td>\n<\/tr>\n<tr>\n<td>maximum power (Kw)<\/td>\n<td>26,2<\/td>\n<\/tr>\n<tr>\n<td>maximum power (hp)<\/td>\n<td>35,632<\/td>\n<\/tr>\n<tr>\n<td>torque (<a href=\"mailto:Nm@okr\/min\">Nm@okr\/min<\/a>)<\/td>\n<td>38,1\/5750<\/td>\n<\/tr>\n<tr>\n<td>maximum speed<\/td>\n<td>135<\/td>\n<\/tr>\n<tr>\n<td>fuel consumption<\/td>\n<td>3,9<\/td>\n<\/tr>\n<tr>\n<td>CO2 emission<\/td>\n<td>89<\/td>\n<\/tr>\n<tr>\n<td>noise level<\/td>\n<td>80<\/td>\n<\/tr>\n<tr>\n<td>distribution<\/td>\n<td>\u2013<\/td>\n<\/tr>\n<tr>\n<td>starter<\/td>\n<td>electric<\/td>\n<\/tr>\n<tr>\n<td>power transmission<\/td>\n<td>CVT<\/td>\n<\/tr>\n<tr>\n<td>autonomy (km)<\/td>\n<td>\u2013<\/td>\n<\/tr>\n<tr>\n<td>length<\/td>\n<td>2152<\/td>\n<\/tr>\n<tr>\n<td>width<\/td>\n<td>775<\/td>\n<\/tr>\n<tr>\n<td>height<\/td>\n<td>1450<\/td>\n<\/tr>\n<tr>\n<td>wheelbase (mm)<\/td>\n<td>1500<\/td>\n<\/tr>\n<tr>\n<td>seat height (mm)<\/td>\n<td>780<\/td>\n<\/tr>\n<tr>\n<td>vehicle mass (kg)<\/td>\n<td>271<\/td>\n<\/tr>\n<tr>\n<td>tank capacity (l)<\/td>\n<td>13<\/td>\n<\/tr>\n<tr>\n<td>front suspension<\/td>\n<td>Hydraulic shock absorber<\/td>\n<\/tr>\n<tr>\n<td>rear suspension<\/td>\n<td>Double hydraulic shock absorber adjustable in 4 positions<\/td>\n<\/tr>\n<tr>\n<td>front brake<\/td>\n<td>double disc<\/td>\n<\/tr>\n<tr>\n<td>front disc diameter (mm)<\/td>\n<td>230<\/td>\n<\/tr>\n<tr>\n<td>rear brake<\/td>\n<td>disc<\/td>\n<\/tr>\n<tr>\n<td>rear disc diameter (mm)<\/td>\n<td>240<\/td>\n<\/tr>\n<tr>\n<td>dimensions of the front tire<\/td>\n<td>110\/70-13<\/td>\n<\/tr>\n<tr>\n<td>rear tire size<\/td>\n<td>140\/70-14<\/td>\n<\/tr>\n<tr>\n<td>tire brand\/model<\/td>\n<td>Michelin CityGrip<\/td>\n<\/tr>\n<tr>\n<td>leg<\/td>\n<td>central: yes \/ lateral: not available<\/td>\n<\/tr>\n<tr>\n<td>helmet storage<\/td>\n<td>1 jet helmet + laptop bag (17l)<\/td>\n<\/tr>\n<tr>\n<td>trunk<\/td>\n<td>With electronic opening function\/modular helmet (30l)<\/td>\n<\/tr>\n<tr>\n<td>glove compartment<\/td>\n<td>large front part of the central body (2l)<\/td>\n<\/tr>\n<tr>\n<td>bag hanger<\/td>\n<td>detachable from the front seat<\/td>\n<\/tr>\n<tr>\n<td>travel drawer<\/td>\n<td>the upper left part of the formwork from the inside<\/td>\n<\/tr>\n<tr>\n<td>possibility to load data<\/td>\n<td>USB port in the compartment<\/td>\n<\/tr>\n<tr>\n<td>control board<\/td>\n<td>semi digital<\/td>\n<\/tr>\n<\/tbody>\n<\/table>\n<p>COLORS:<\/p>\n<p><a href=\"https:\/\/autoservis24.hr\/wp-content\/uploads\/2023\/05\/metropolis-400-allure-euro5.1_f-300x274-1.jpg\"><img fetchpriority=\"high\" decoding=\"async\" class=\"alignnone size-full wp-image-2639\" src=\"https:\/\/autoservis24.hr\/wp-content\/uploads\/2023\/05\/metropolis-400-allure-euro5.1_f-300x274-1.jpg\" alt=\"\" width=\"300\" height=\"274\" \/><\/a> <a href=\"https:\/\/autoservis24.hr\/wp-content\/uploads\/2023\/05\/metropolis-400-allure-euro5.2_f-300x274-1.jpg\"><img decoding=\"async\" class=\"alignnone size-medium wp-image-2640\" src=\"https:\/\/autoservis24.hr\/wp-content\/uploads\/2023\/05\/metropolis-400-allure-euro5.2_f-300x274-1.jpg\" alt=\"\" width=\"300\" height=\"274\" \/><\/a> <a href=\"https:\/\/autoservis24.hr\/wp-content\/uploads\/2023\/05\/metropolis-400-allure-euro5.3_f-300x274-1.jpg\"><img decoding=\"async\" class=\"alignnone size-medium wp-image-2641\" src=\"https:\/\/autoservis24.hr\/wp-content\/uploads\/2023\/05\/metropolis-400-allure-euro5.3_f-300x274-1.jpg\" alt=\"\" width=\"300\" height=\"274\" \/><\/a> <a href=\"https:\/\/autoservis24.hr\/wp-content\/uploads\/2023\/05\/metropolis-400-allure-euro5_f-300x274-1.jpg\"><img loading=\"lazy\" decoding=\"async\" class=\"alignnone size-medium wp-image-2642\" src=\"https:\/\/autoservis24.hr\/wp-content\/uploads\/2023\/05\/metropolis-400-allure-euro5_f-300x274-1.jpg\" alt=\"\" width=\"300\" height=\"274\" \/><\/a><\/p>","protected":false},"excerpt":{"rendered":"<p>norma EURO 5 homologacija L5e-A model MD16 tip 1 cilindar 4T obujam(ccm) 399 ubrizgavanje goriva Elektroni\u010dko ubrizgavanje provrt i hod (mm x mm) 84 x 72 hla\u0111enje motora teku\u0107ina maksimalna snaga (Kw) 26,2 maksimalna snaga (KS) 35,632 zakretni moment (Nm@okr\/min) 38,1\/5750 maksimalna brzina 135 potro\u0161nja goriva 3,9 emisija CO2 89 razina buke 80 distribucija \u2013 [&hellip;]<\/p>\n","protected":false},"featured_media":2642,"comment_status":"open","ping_status":"closed","template":"","meta":{"_acf_changed":false},"product_brand":[],"product_cat":[32,35,20],"product_tag":[],"class_list":{"0":"post-2638","1":"product","2":"type-product","3":"status-publish","4":"has-post-thumbnail","6":"product_cat-peugeot-motocikli","7":"product_cat-metropolis","8":"product_cat-motori","10":"first","11":"instock","12":"shipping-taxable","13":"purchasable","14":"product-type-simple"},"acf":[],"_links":{"self":[{"href":"https:\/\/autoservis24.hr\/en\/wp-json\/wp\/v2\/product\/2638","targetHints":{"allow":["GET"]}}],"collection":[{"href":"https:\/\/autoservis24.hr\/en\/wp-json\/wp\/v2\/product"}],"about":[{"href":"https:\/\/autoservis24.hr\/en\/wp-json\/wp\/v2\/types\/product"}],"replies":[{"embeddable":true,"href":"https:\/\/autoservis24.hr\/en\/wp-json\/wp\/v2\/comments?post=2638"}],"wp:featuredmedia":[{"embeddable":true,"href":"https:\/\/autoservis24.hr\/en\/wp-json\/wp\/v2\/media\/2642"}],"wp:attachment":[{"href":"https:\/\/autoservis24.hr\/en\/wp-json\/wp\/v2\/media?parent=2638"}],"wp:term":[{"taxonomy":"product_brand","embeddable":true,"href":"https:\/\/autoservis24.hr\/en\/wp-json\/wp\/v2\/product_brand?post=2638"},{"taxonomy":"product_cat","embeddable":true,"href":"https:\/\/autoservis24.hr\/en\/wp-json\/wp\/v2\/product_cat?post=2638"},{"taxonomy":"product_tag","embeddable":true,"href":"https:\/\/autoservis24.hr\/en\/wp-json\/wp\/v2\/product_tag?post=2638"}],"curies":[{"name":"wp","href":"https:\/\/api.w.org\/{rel}","templated":true}]}}