{"id":2689,"date":"2023-05-29T11:14:32","date_gmt":"2023-05-29T09:14:32","guid":{"rendered":"https:\/\/autoservis24.hr\/?post_type=product&#038;p=2689"},"modified":"2023-07-20T11:55:00","modified_gmt":"2023-07-20T09:55:00","slug":"pulsion-125-active-euro5-page-cant-be-found","status":"publish","type":"product","link":"https:\/\/autoservis24.hr\/en\/product\/pulsion-125-active-euro5-page-cant-be-found\/","title":{"rendered":"PULSION 125 ACTIVE EURO5"},"content":{"rendered":"<p>SKUTER 125CC PROIZVODEN U FRANCUSKOJ<\/p>\n<p>Pulsion i njegov novi Euro 5 motor, u potpunosti dizajniran za grad i okolicu, omogu\u0107it \u0107e vam da \u017eivite intenzivno svaki trenutak u danu. Sjednite na Pulsion, premium dvokota\u010d proizveden u Francuskoj, koji kombinira visoku razinu opreme, performanse bez premca te maksimalnu udobnost i sigurnost.<\/p>\n<p>Pulsion je jedini dvokota\u010d u svojoj klasi koji nudi kombinirani ABS i SBC ko\u010dioni sustav.<\/p>\n<p>Najbolja Peugeotova tehnologija za mirnu vo\u017enju gradom.<\/p>\n<p>Pulsion nudi visoku razinu opreme, \u0161to ovaj model \u010dini najsigurnijim dvokota\u010dem na tr\u017ei\u0161tu.<\/p>\n<p>ABS i kombinirane ko\u010dnice<\/p>\n<p>ABS* osigurava sigurno ko\u010denje bez blokiranja kota\u010da, a SBC* tehnologija raspore\u0111uje ko\u010denje na prednje i stra\u017enje kota\u010de pomo\u0107u jedne ru\u010dice ko\u010dnice.<\/p>\n<p>U slu\u010daju ko\u010denja u nu\u017edi, upozorenja se automatski aktiviraju.<\/p>\n<p>Koncept ABS + sinkronog ko\u010denja: kombinirani ko\u010dioni sustav za Peugeot motocikle<\/p>\n<p>Dnevna svjetla i full LED<\/p>\n<p>Osvjetljenje je tako\u0111er sigurnosna zna\u010dajka. Sna\u017eni LED DRL* uklju\u010den tijekom dana daje Pulsionu odli\u010dnu vidljivost u prometu.<\/p>\n<p>Dnevna svjetla<\/p>\n<p>Svjetla upozorenja uklju\u010dena tijekom naglog ko\u010denja<\/p>\n<p>Oslanjaju\u0107i se na stru\u010dnost svoje mati\u010dne tvrtke, Peugeot Motocycles je Pulsion opremio svjetlima upozorenja u slu\u010daju naglog ko\u010denja, koja automatski signaliziraju naglo usporavanje i tako izbjegavaju sudare.<\/p>\n<p>Aktivan kada je brzina ve\u0107a od 50km\/h, sustav aktivira upozorenja ako va\u0161e vozilo do\u017eivi usporenje ve\u0107e od 6m.s-2 i isklju\u010duje ih kada je usporavanje manje od 2.5m.s-2.<\/p>","protected":false},"excerpt":{"rendered":"<p>SKUTER 125CC PROIZVODEN U FRANCUSKOJ Pulsion i njegov novi Euro 5 motor, u potpunosti dizajniran za grad i okolicu, omogu\u0107it \u0107e vam da \u017eivite intenzivno svaki trenutak u danu. Sjednite na Pulsion, premium dvokota\u010d proizveden u Francuskoj, koji kombinira visoku razinu opreme, performanse bez premca te maksimalnu udobnost i sigurnost. Pulsion je jedini dvokota\u010d u [&hellip;]<\/p>\n","protected":false},"featured_media":2929,"comment_status":"open","ping_status":"closed","template":"","meta":{"_acf_changed":false},"product_brand":[],"product_cat":[20,32,39],"product_tag":[],"class_list":{"0":"post-2689","1":"product","2":"type-product","3":"status-publish","4":"has-post-thumbnail","6":"product_cat-motori","7":"product_cat-peugeot-motocikli","8":"product_cat-pulsion","10":"first","11":"instock","12":"shipping-taxable","13":"purchasable","14":"product-type-simple"},"acf":[],"_links":{"self":[{"href":"https:\/\/autoservis24.hr\/en\/wp-json\/wp\/v2\/product\/2689","targetHints":{"allow":["GET"]}}],"collection":[{"href":"https:\/\/autoservis24.hr\/en\/wp-json\/wp\/v2\/product"}],"about":[{"href":"https:\/\/autoservis24.hr\/en\/wp-json\/wp\/v2\/types\/product"}],"replies":[{"embeddable":true,"href":"https:\/\/autoservis24.hr\/en\/wp-json\/wp\/v2\/comments?post=2689"}],"wp:featuredmedia":[{"embeddable":true,"href":"https:\/\/autoservis24.hr\/en\/wp-json\/wp\/v2\/media\/2929"}],"wp:attachment":[{"href":"https:\/\/autoservis24.hr\/en\/wp-json\/wp\/v2\/media?parent=2689"}],"wp:term":[{"taxonomy":"product_brand","embeddable":true,"href":"https:\/\/autoservis24.hr\/en\/wp-json\/wp\/v2\/product_brand?post=2689"},{"taxonomy":"product_cat","embeddable":true,"href":"https:\/\/autoservis24.hr\/en\/wp-json\/wp\/v2\/product_cat?post=2689"},{"taxonomy":"product_tag","embeddable":true,"href":"https:\/\/autoservis24.hr\/en\/wp-json\/wp\/v2\/product_tag?post=2689"}],"curies":[{"name":"wp","href":"https:\/\/api.w.org\/{rel}","templated":true}]}}