{"id":2700,"date":"2023-05-29T11:26:46","date_gmt":"2023-05-29T09:26:46","guid":{"rendered":"https:\/\/autoservis24.hr\/?post_type=product&#038;p=2700"},"modified":"2023-05-29T11:43:47","modified_gmt":"2023-05-29T09:43:47","slug":"seat-arona-10-tsi-fr-plus-85kw-navi-led-alu-18%e2%80%b3-reg-do-12-2023","status":"publish","type":"product","link":"https:\/\/autoservis24.hr\/en\/product\/seat-arona-10-tsi-fr-plus-85kw-navi-led-alu-18%e2%80%b3-reg-do-12-2023\/","title":{"rendered":"Seat Arona 1,0 TSI FR PLUS 85KW , NAVI, LED , ALU 18\u2033, REG DO 12\/2023"},"content":{"rendered":"<p>Seat Arona 1,0 TSI FR PLUS 85KW , NAVI, LED , ALU 18\u2033, REG DO 12\/2023<\/p>\n<p>Cijena:<\/p>\n<p>20.500 \u20ac \/ 154.457,25 kn<\/p>\n<p>HR VOZILO U TVORNI\u010cKOM JAMSTVU DO 06\/2025<\/p>\n<p>\u2013 CLIMATRONIC<br \/>\n\u2013 FULL LED SVJETLA (prednja, stra\u017enja, reg.plo\u010dica)<br \/>\n\u2013 ALU 18<br \/>\n\u2013 CRNA OBLOGA\/INTERIJER KROVA<br \/>\n\u2013 NAVIGACIJA<br \/>\n\u2013 DIGITALNI COCKPIT<br \/>\n\u2013 STRA\u017dNJI PARKIRNI SENZORI<br \/>\n\u2013 CRVENE \u010cELJUSTI<br \/>\n\u2013 POJASEVI PRO\u0160IVENI CRVENIM KONCEM<br \/>\n\u2013 SJEDALA U KOMBINACIJI KO\u017dA+ALCANTARA<br \/>\n\u2013 ZATAMNJENA STRA\u017dNJA STAKLA OD B STUPA<br \/>\n\u2013 AMBIJENTALNO OSVJETLJENJE<br \/>\n\u2013 ELOKSIRANI UZDU\u017dNI KROVNI NOSA\u010cI<br \/>\n\u2013 MULTIFUNKCIJSKI TROKRAKI SPORTSKI UPRAVLJA\u010c<br \/>\n\u2013 BE\u017dI\u010cNO PUNJENJE MOBITELA<br \/>\n\u2013 DUPLO DNO PRTLJA\u017dNIKA<br \/>\n\u2013 ORIGINALNI SEAT TEKSTILNI I GUMENI TEPISI<br \/>\n\u2013 NOVE ZIMSKE GUME PIRELLI SOTTOZERO 18\u2033<br \/>\n\u2013 DODATNO SET LJETNIH GUMA 18\u2033<\/p>\n<p>\u2013 Tempomat<br \/>\n\u2013 FR oprema<br \/>\n\u2013 FR presvlake<br \/>\n\u2013 Kontrola dometa prednjih svjetala<br \/>\n\u2013 Putno ra\u010dunalo<br \/>\n\u2013 Rezervni kota\u010d 16\u2033<br \/>\n\u2013 SEAT Drive Profile \u2013 Izbor na\u010dina vo\u017enje<br \/>\n\u2013 Hill start pomo\u0107 pri kretanju na uzbrdici<br \/>\n\u2013 2 automatska sigurnosna pojasa sprijeda<br \/>\n\u2013 3 naslona za glavu straga<br \/>\n\u2013 Bo\u010dni zra\u010dni jastuk sprijeda sa zra\u010dnom zavjesom<br \/>\n\u2013 Detekcija umora voza\u010da<br \/>\n\u2013 ESC \u2013 Elektronska kontrola stabilnosti<br \/>\n\u2013 ISOFIX + Top Tether prihvat na bo\u010dnim stra\u017enjim sjedalima<br \/>\n\u2013 Prednji brisa\u010di sa senzorom za ki\u0161u i svjetlo<br \/>\n\u2013 Stra\u017enje disk ko\u010dnice (Geomet D), ko\u010diona klije\u0161ta u crvenoj boji<br \/>\n\u2013 Stra\u017enje svjetlo za maglu<br \/>\n\u2013 Sustav nadzora tlaka u gumama<br \/>\n\u2013 Upozorenje na nevezan pojas<br \/>\n\u2013 Upozorenje na sudar sprijeda uklju\u010duju\u0107i autonomno ko\u010denje u nu\u017edi<br \/>\n\u2013 XDS (elektronska blokada diferencijala)<br \/>\n\u2013 Zra\u010dni jastuk za voza\u010da i suvoza\u010da (suvoza\u010dki s mogu\u0107no\u0161\u0107u deaktiviranja)<br \/>\n\u2013 Aircare filter<br \/>\n\u2013 Ambijentalno osvjetljenje unutra\u0161njosti<br \/>\n\u2013 Automatski zatamnjivo unutarnje zrcalo<br \/>\n\u2013 Crni interijer krova<br \/>\n\u2013 Ko\u017ena ru\u010dica ru\u010dne ko\u010dnice<br \/>\n\u2013 Kromirani umetci u unutra\u0161njosti<br \/>\n\u2013 Osvjetljenje prostora za noge<br \/>\n\u2013 Paket za nepu\u0161a\u010de<br \/>\n\u2013 Podnica prtlja\u017enika<br \/>\n\u2013 Preklopiva i djeljiva stra\u017enja klupa<br \/>\n\u2013 Ru\u010dica mjenja\u010da presvu\u010dena ko\u017eom<br \/>\n\u2013 Sportsko multifunkcijsko ko\u017eno kolo upravlja\u010da<br \/>\n\u2013 Svjetla za \u010ditanje sprijeda<br \/>\n\u2013 \u0160titnik od sunca za voza\u010da, s ogledalom i dr\u017ea\u010dem za kartice te \u0161titnik od sunca za suvoza\u010da, s ogledalom<br \/>\n\u2013 Dnevna svjetla s \u201cComing Home\u201d funkcijom Halogena prednja svjetla i LED dnevna svjetla<br \/>\n\u2013 LED osvjetljenje stra\u017enje tablice<br \/>\n\u2013 LED stra\u017enja svjetla<br \/>\n\u2013 Obojana vanjska zrcala<br \/>\n\u2013 Obojani branici s kromiranim letvicama<br \/>\n\u2013 Okvir prozora u Alu izgledu<br \/>\n\u2013 Prednja svjetla za maglu s funkcijom zakretanja<br \/>\n\u2013 Srebrni kromirani uzdu\u017eni krovni nosa\u010di<br \/>\n\u2013 6 zvu\u010dnika<br \/>\n\u2013 Bluetooth<br \/>\n\u2013 DAB \u2013 Digital Audio Broadcasting (serija za sva vozila od MG2021)<br \/>\n\u2013 Radio ure\u0111aj 6,5\u2033 (Gen2)<br \/>\n\u2013 SEAT CONNECT gen3 \u2013 Safety &amp; Service i Remote access za radio: Online usluge (za radio) uklju\u010duju\u0107i privatni poziv u nu\u017edi + sigurnosne usluge za 10 godina + daljinski pristup za 1 godinu (kasnije uz produljenje\/pla\u0107anje u ovla\u0161tenom Seat servisu)<br \/>\n\u2013 USB uti\u010dnica, tip C<br \/>\n\u2013 Centralno zaklju\u010davanje s daljinskim upravljanjem<br \/>\n\u2013 Climatronic 2-zonski klima ure\u0111aj<br \/>\n\u2013 Elektri\u010dni podiza\u010di prednjih i stra\u017enjih prozora<br \/>\n\u2013 Elektri\u010dno podesiva, grijana i elektri\u010dno preklopiva vanjska zrcala<br \/>\n\u2013 Ko\u017ena ru\u010dica ru\u010dne ko\u010dnice<br \/>\n\u2013 Parkirni senzori stra\u017enji<br \/>\n\u2013 Sjedalo voza\u010da i suvoza\u010da podesivo po visini<\/p>\n<h3>Featured Features<\/h3>\n<p><\/p>\n<table style=\"height: 43px;\" width=\"261\">\n<tbody>\n<tr>\n<td><span class=\"odomoter\"><i class=\"icofont icofont-speed-meter\"><\/i>19.600 km<\/span><\/td>\n<td><span class=\"transmission\"><i class=\"icofont icofont-ui-settings\"><\/i>MANUAL TRANSMISSION<\/span><\/td>\n<\/tr>\n<tr>\n<td><\/td>\n<td><\/td>\n<\/tr>\n<\/tbody>\n<\/table>\n<h3>Details<\/h3>\n<table class=\"table table-striped\">\n<tbody>\n<tr>\n<th>Equipment package<\/th>\n<td>FR PLUS<\/td>\n<\/tr>\n<tr>\n<th>Kilometers<\/th>\n<td>19.600 km<\/td>\n<\/tr>\n<tr>\n<th>Transmission<\/th>\n<td>MANUAL TRANSMISSION<\/td>\n<\/tr>\n<tr>\n<th>Drive<\/th>\n<td>FRONT DRIVE<\/td>\n<\/tr>\n<\/tbody>\n<\/table>\n<h4>Technical data<\/h4>\n<table class=\"table table-striped\">\n<tbody>\n<tr>\n<th>Year of manufacture<\/th>\n<td>2020<\/td>\n<\/tr>\n<tr>\n<th>Brand<\/th>\n<td>SEAT<\/td>\n<\/tr>\n<tr>\n<th>Model<\/th>\n<td>ARONA 1.0 TSI<\/td>\n<\/tr>\n<tr>\n<th>Equipment package<\/th>\n<td>FR PLUS<\/td>\n<\/tr>\n<tr>\n<th>Seats<\/th>\n<td>5<\/td>\n<\/tr>\n<tr>\n<th>Door<\/th>\n<td>5<\/td>\n<\/tr>\n<tr>\n<th>Drive<\/th>\n<td>FRONT DRIVE<\/td>\n<\/tr>\n<tr>\n<th>Gearbox<\/th>\n<td>MANUAL TRANSMISSION<\/td>\n<\/tr>\n<tr>\n<th>Vrsta goriva<\/th>\n<td>BENZIN<\/td>\n<\/tr>\n<tr>\n<th>Engine power (hp)<\/th>\n<td>115<\/td>\n<\/tr>\n<\/tbody>\n<\/table>\n<p>\u2013 <a href=\"mailto:prodajavozila@autoservis24.hr\">prodajavozila@autoservis24.hr<\/a><\/p>","protected":false},"excerpt":{"rendered":"<p>Seat Arona 1,0 TSI FR PLUS 85KW , NAVI, LED , ALU 18\u2033, REG DO 12\/2023 Cijena: 20.500 \u20ac \/ 154.457,25 kn HR VOZILO U TVORNI\u010cKOM JAMSTVU DO 06\/2025 \u2013 CLIMATRONIC \u2013 FULL LED SVJETLA (prednja, stra\u017enja, reg.plo\u010dica) \u2013 ALU 18 \u2013 CRNA OBLOGA\/INTERIJER KROVA \u2013 NAVIGACIJA \u2013 DIGITALNI COCKPIT \u2013 STRA\u017dNJI PARKIRNI SENZORI \u2013 [&hellip;]<\/p>\n","protected":false},"featured_media":2701,"comment_status":"open","ping_status":"closed","template":"","meta":{"_acf_changed":false},"product_brand":[],"product_cat":[19],"product_tag":[],"class_list":{"0":"post-2700","1":"product","2":"type-product","3":"status-publish","4":"has-post-thumbnail","6":"product_cat-auti","8":"first","9":"instock","10":"shipping-taxable","11":"purchasable","12":"product-type-simple"},"acf":[],"_links":{"self":[{"href":"https:\/\/autoservis24.hr\/en\/wp-json\/wp\/v2\/product\/2700","targetHints":{"allow":["GET"]}}],"collection":[{"href":"https:\/\/autoservis24.hr\/en\/wp-json\/wp\/v2\/product"}],"about":[{"href":"https:\/\/autoservis24.hr\/en\/wp-json\/wp\/v2\/types\/product"}],"replies":[{"embeddable":true,"href":"https:\/\/autoservis24.hr\/en\/wp-json\/wp\/v2\/comments?post=2700"}],"wp:featuredmedia":[{"embeddable":true,"href":"https:\/\/autoservis24.hr\/en\/wp-json\/wp\/v2\/media\/2701"}],"wp:attachment":[{"href":"https:\/\/autoservis24.hr\/en\/wp-json\/wp\/v2\/media?parent=2700"}],"wp:term":[{"taxonomy":"product_brand","embeddable":true,"href":"https:\/\/autoservis24.hr\/en\/wp-json\/wp\/v2\/product_brand?post=2700"},{"taxonomy":"product_cat","embeddable":true,"href":"https:\/\/autoservis24.hr\/en\/wp-json\/wp\/v2\/product_cat?post=2700"},{"taxonomy":"product_tag","embeddable":true,"href":"https:\/\/autoservis24.hr\/en\/wp-json\/wp\/v2\/product_tag?post=2700"}],"curies":[{"name":"wp","href":"https:\/\/api.w.org\/{rel}","templated":true}]}}