{"id":2723,"date":"2023-05-29T11:45:25","date_gmt":"2023-05-29T09:45:25","guid":{"rendered":"https:\/\/autoservis24.hr\/?post_type=product&#038;p=2723"},"modified":"2023-05-29T11:49:27","modified_gmt":"2023-05-29T09:49:27","slug":"seat-leon-20-tdi-fr-dsg-hr-vozilo-u-pdv-u-jamstvo-do-06-2026","status":"publish","type":"product","link":"https:\/\/autoservis24.hr\/en\/product\/seat-leon-20-tdi-fr-dsg-hr-vozilo-u-pdv-u-jamstvo-do-06-2026\/","title":{"rendered":"Seat Leon 2,0 TDI FR DSG, HR VOZILO, U PDV-u, JAMSTVO DO 06\/2026"},"content":{"rendered":"<p>Seat Leon 2,0 TDI FR DSG, HR VOZILO, U PDV-u, JAMSTVO DO 06\/2026 \u2013 VOZILO U DOLASKU !!!<\/p>\n<p>Cijena:<\/p>\n<p>26.400 \u20ac \/ 198.910,80 kn<\/p>\n<p>FULL LED SVJETLA, GRIJANJE SJEDALA, GRIJANJE VOLANA, KAMERA ZA VO\u017dNJU UNATRAG, NAVIGACIJA, ALU 17\u2026.<\/p>\n<p>\u2022 2 automatska sigurnosna pojasa sprijeda, sa zateza\u010dima, 3 pri\u010dvrsne to\u010dke<br \/>\n\u2022 2 USB Type C uti\u010dnice sprijeda i 2 USB Type C uti\u010dnice straga<br \/>\n\u2022 3 naslona za glavu straga<br \/>\n\u2022 6 zvu\u010dnika<br \/>\n\u2022 Antena<br \/>\n\u2022 Bluetooth<br \/>\n\u2022 Bo\u010dni i stra\u017enji prozori od toplinsko- izolacijskog stakla<br \/>\n\u2022 Bo\u010dni zra\u010dni jastuci za voza\u010da i suvoza\u010da i zra\u010dne zavjese<br \/>\n\u2022 Centralno zaklju\u010davanje s daljinskim upravljanjem \u201cKeyless-Go\u201d bez sigurnosnog zaklju\u010davanja \u201cSafelock\u201d<br \/>\n\u2022 Climatronic \u2013 trozonski klima ure\u0111aj s upravlja\u010dkom plo\u010dom klima ure\u0111aja straga<br \/>\n\u2022 DAB \u2013 Digitalni radio prijam<br \/>\n\u2022 Detekcija umora voza\u010da<br \/>\n\u2022 D\u017eepovi za pohranu, na pole\u0111ini naslona prednjih sjedala<br \/>\n\u2022 Elektri\u010dni podiza\u010di prednjih i stra\u017enjih prozora<br \/>\n\u2022 Elektri\u010dno podesiva i grijana vanjska osvrtna zrcala<br \/>\n\u2022 Elektroni\u010dka parkirna ko\u010dnica<br \/>\n\u2022 ESC + XDS<br \/>\n\u2022 ESS (Emergency steering support + turn assist) -sustav potpore za hitno upravljanje primjenjuje dodatni zakretni moment tijekom manevriranja upravlja\u010dem, \u010dime poma\u017ee voza\u010du mijenjaju\u0107i smjer vozila kako bi potencijalno izbjegao sudar te stabilizirao vozilo.<br \/>\nPotpora i prilikom bo\u010dnog upravljanja vozilom.<br \/>\n\u2022 Front Assist \u2013 sustav nadzora okoline sprijeda i upozorenje na sudar, s funkcijom automatskog ko\u010denja u slu\u010daju nu\u017ede \u2013 vozila, pje\u0161aci i biciklisti<br \/>\n\u2022 Indikator pritiska tlaka u gumama<br \/>\n\u2022 ISOFIX i Top Tether prihvat na bo\u010dnim stra\u017enjim sjedalima (1+1) + ISOFIX na suvoza\u010dkom sjedalu<br \/>\n\u2022 Kontrola dometa prednjih svjetala<br \/>\n\u2022 Kromirani umetci u unutra\u0161njosti<br \/>\n\u2022 Lane Assist \u2013 sustav registrira oznake na cesti te zadr\u017eava vozilo u voznoj traci<br \/>\n\u2022 LED prednja svjetla za maglu s funkcijom zakretanja<br \/>\n\u2022 LED svjetla za \u010ditanje sprijeda i straga + LED osvjetljenje prtlja\u017enika<br \/>\n\u2022 Multifunkcionalna kamera<br \/>\n\u2022 Obojana vanjska zrcala- u sivoj boji<br \/>\n\u2022 Olak\u0161ano servo upravljanje prilago\u0111eno brzini kretanja (Servotronic)<br \/>\n\u2022 Parkirni senzori straga<br \/>\n\u2022 Prednji brisa\u010di s \u010detiri brzine rada<br \/>\n\u2022 Preklopiv i djeljiv naslon stra\u017enje klupe 1\/3, 2\/3; klupa nedjeljiva<br \/>\n\u2022 Prostor za pohranu ispod voza\u010devog sjedala<br \/>\n\u2022 Putno ra\u010dunalo \u201cMedium\u201d<br \/>\n\u2022 Radio ure\u0111aj Media System + (8,25\u2033)<br \/>\n\u2022 Rezervni kota\u010d smanjenih dimenzija<br \/>\n\u2022 Ru\u010dica mjenja\u010da presvu\u010dena ko\u017eom<br \/>\n\u2022 SEAT CONNECT gen3 \u2013 Safety &amp; Service i Remote access za radio: Online usluge (za radio) uklju\u010duju\u0107i poziv u nu\u017edi + sigurnosne usluge za 10 godina + daljinski pristup za 1 godinu (kasnije uz produljenja)- kontaktirati Seat servis.<br \/>\n\u2022 Sigurnosni pojasevi s tri pri\u010dvrsne to\u010dke, za stra\u017enja rubna sjedala<br \/>\n\u2022 Sivi interijer krova<br \/>\n\u2022 Sjedalo voza\u010da i suvoza\u010da podesivo po visini<br \/>\n\u2022 Sportski branici<br \/>\n\u2022 Sportsko multifunkcijsko ko\u017eno kolo upravlja\u010da<br \/>\n\u2022 Sredi\u0161nji naslon za ruke sprijeda<br \/>\n\u2022 Standardne dekorativne obloge<br \/>\n\u2022 Standardni krov<br \/>\n\u2022 Stra\u017enji spojler<br \/>\n\u2022 Style oprema<br \/>\n\u2022 Style presvlake<br \/>\n\u2022 Tempomat i limitator brzine<br \/>\n\u2022 Vizualno i zvu\u010dno upozorenje za nevezan pojas<br \/>\n\u2022 Voza\u010devo sjedalo s ru\u010dno podesivom potporom lumbalnog dijela<br \/>\n\u2022 Zatamnjeno unutarnje zrcalo<br \/>\n\u2022 Zra\u010dni jastuk za voza\u010da i suvoza\u010da (suvoza\u010dki s mogu\u0107no\u0161\u0107u deaktiviranja)<br \/>\n\u2022 \u0160titnici od sunca s ogledalom, osvjetljenjem, oznakom zra\u010dnog jastuka + i na B stupu<br \/>\n\u2022 \u0160titnici od sunca za voza\u010da i suvoza\u010da, s ogledalom<\/p>\n<p>\u2022 Paket prakti\u010dnosti \u2013 automatska \u201cComing and Leaving home\u201d funkcija \u2013 senzor za ki\u0161u \u2013 zatamnjivo unutarnje zrcalo PXX \u2013<br \/>\n\u2022 SEAT FULL LED svjetla \u2013 Prednja LED svjetla s le\u0107ama \u2013 Svjetlo dobrodo\u0161lice u vanjskim zrcalima \u2013 LED stra\u017enja kombinirana svjetla s dinami\u010dkim pokaziva\u010dima smjera \u2013 Dinami\u010dka kontrola raspona prednjih svjetala (samo pode\u0161avanje tijekom vo\u017enje)<br \/>\n\u2022 Elektri\u010dno podesiva, grijana i preklopna vanjska osvrtna zrcala s parkirnim polo\u017eajem i funkcijom spu\u0161tanja na strani suvoza\u010da<br \/>\n\u2022 Interijer svjetla u LED tehnici: osvjetljenje prostora za noge \u2013 osvjetljenje pretinca \u201cconnectivity box\u201d<\/p>\n<h3>Featured Features<\/h3>\n<table>\n<tbody>\n<tr>\n<td><span class=\"odomoter\"><i class=\"icofont icofont-speed-meter\"><\/i>67.150 km<\/span><\/td>\n<td><span class=\"transmission\"><i class=\"icofont icofont-ui-settings\"><\/i>AUTOMATIC TRANSMISSION<\/span><\/td>\n<\/tr>\n<\/tbody>\n<\/table>\n<h4>Details<\/h4>\n<table class=\"table table-striped\">\n<tbody>\n<tr>\n<th>Equipment package<\/th>\n<td>FR<\/td>\n<\/tr>\n<tr>\n<th>Kilometers<\/th>\n<td>67.150 km<\/td>\n<\/tr>\n<tr>\n<th>Color<\/th>\n<td>BLACK METALLIC<\/td>\n<\/tr>\n<tr>\n<th>Transmission<\/th>\n<td>AUTOMATIC TRANSMISSION<\/td>\n<\/tr>\n<tr>\n<th>Drive<\/th>\n<td>FRONT DRIVE<\/td>\n<\/tr>\n<\/tbody>\n<\/table>\n<p>&nbsp;<\/p>\n<h4>Technical data<\/h4>\n<table class=\"table table-striped\">\n<tbody>\n<tr>\n<th>Year of manufacture<\/th>\n<td>2021<\/td>\n<\/tr>\n<tr>\n<th>Brand<\/th>\n<td>SEAT<\/td>\n<\/tr>\n<tr>\n<th>Model<\/th>\n<td>LEON 2,0 TDI FR DSG<\/td>\n<\/tr>\n<tr>\n<th>Equipment package<\/th>\n<td>FR<\/td>\n<\/tr>\n<tr>\n<th>Seats<\/th>\n<td>5<\/td>\n<\/tr>\n<tr>\n<th>Door<\/th>\n<td>5<\/td>\n<\/tr>\n<tr>\n<th>Drive<\/th>\n<td>FRONT DRIVE<\/td>\n<\/tr>\n<tr>\n<th>Gearbox<\/th>\n<td>AUTOMATIC TRANSMISSION<\/td>\n<\/tr>\n<tr>\n<th>Vrsta goriva<\/th>\n<td>DIESEL<\/td>\n<\/tr>\n<tr>\n<th>Engine power (hp)<\/th>\n<td>150<\/td>\n<\/tr>\n<\/tbody>\n<\/table>\n<p><a href=\"mailto:prodajavozila@autoservis24.hr\">prodajavozila@autoservis24.hr<\/a><\/p>","protected":false},"excerpt":{"rendered":"<p>Seat Leon 2,0 TDI FR DSG, HR VOZILO, U PDV-u, JAMSTVO DO 06\/2026 \u2013 VOZILO U DOLASKU !!! Cijena: 26.400 \u20ac \/ 198.910,80 kn FULL LED SVJETLA, GRIJANJE SJEDALA, GRIJANJE VOLANA, KAMERA ZA VO\u017dNJU UNATRAG, NAVIGACIJA, ALU 17\u2026. \u2022 2 automatska sigurnosna pojasa sprijeda, sa zateza\u010dima, 3 pri\u010dvrsne to\u010dke \u2022 2 USB Type C uti\u010dnice [&hellip;]<\/p>\n","protected":false},"featured_media":2724,"comment_status":"open","ping_status":"closed","template":"","meta":{"_acf_changed":false},"product_brand":[],"product_cat":[19],"product_tag":[],"class_list":{"0":"post-2723","1":"product","2":"type-product","3":"status-publish","4":"has-post-thumbnail","6":"product_cat-auti","8":"first","9":"instock","10":"shipping-taxable","11":"purchasable","12":"product-type-simple"},"acf":[],"_links":{"self":[{"href":"https:\/\/autoservis24.hr\/en\/wp-json\/wp\/v2\/product\/2723","targetHints":{"allow":["GET"]}}],"collection":[{"href":"https:\/\/autoservis24.hr\/en\/wp-json\/wp\/v2\/product"}],"about":[{"href":"https:\/\/autoservis24.hr\/en\/wp-json\/wp\/v2\/types\/product"}],"replies":[{"embeddable":true,"href":"https:\/\/autoservis24.hr\/en\/wp-json\/wp\/v2\/comments?post=2723"}],"wp:featuredmedia":[{"embeddable":true,"href":"https:\/\/autoservis24.hr\/en\/wp-json\/wp\/v2\/media\/2724"}],"wp:attachment":[{"href":"https:\/\/autoservis24.hr\/en\/wp-json\/wp\/v2\/media?parent=2723"}],"wp:term":[{"taxonomy":"product_brand","embeddable":true,"href":"https:\/\/autoservis24.hr\/en\/wp-json\/wp\/v2\/product_brand?post=2723"},{"taxonomy":"product_cat","embeddable":true,"href":"https:\/\/autoservis24.hr\/en\/wp-json\/wp\/v2\/product_cat?post=2723"},{"taxonomy":"product_tag","embeddable":true,"href":"https:\/\/autoservis24.hr\/en\/wp-json\/wp\/v2\/product_tag?post=2723"}],"curies":[{"name":"wp","href":"https:\/\/api.w.org\/{rel}","templated":true}]}}