{"id":2770,"date":"2023-05-29T11:56:29","date_gmt":"2023-05-29T09:56:29","guid":{"rendered":"https:\/\/autoservis24.hr\/?post_type=product&#038;p=2770"},"modified":"2023-05-29T12:00:38","modified_gmt":"2023-05-29T10:00:38","slug":"bmw-740d-xdrive-luxury-u-pdv-u","status":"publish","type":"product","link":"https:\/\/autoservis24.hr\/en\/product\/bmw-740d-xdrive-luxury-u-pdv-u\/","title":{"rendered":"BMW 740d xDrive Luxury, u PDV-u !"},"content":{"rendered":"<p>BMW SERIJA 7, 740d xDrive, u PDV-u<\/p>\n<p>Cijena:<\/p>\n<p>52.500\u00a0\u20ac \/ 395.561,25\u00a0kn<\/p>\n<p>REDOVNO SERVISIRAN.<br \/>\nUPRAVO NAPRAVLJEN SERVIS (ULJE + FILTER, PREDNJE I STRA\u017dNJE DISK PLO\u010cICE)<\/p>\n<p>OPREMA:<\/p>\n<p>\u2022 Head-up display<br \/>\n\u2022 Acoustic Parking System<br \/>\n\u2022 App Connect<br \/>\n\u2022 Automatski klima-ure\u0111aj<br \/>\n\u2022 AUX priklju\u010dak<br \/>\n\u2022 Bluetooth<br \/>\n\u2022 Car Connectivity<br \/>\n\u2022 Daljinski upravlja\u010d za centralno zaklju\u010davanje<br \/>\n\u2022 Djeljiva stra\u017enja klupa<br \/>\n\u2022 Dodirni zaslon<br \/>\n\u2022 Elektri\u010dni podesivo vanjsko zrcalo<br \/>\n\u2022 Elektri\u010dni poklopac prtlja\u017enika<br \/>\n\u2022 Elektri\u010dno podizanje prozora sprijeda<br \/>\n\u2022 Elektri\u010dno podizanje prozora straga<br \/>\n\u2022 Elektronski program stabilnosti (ESP)<br \/>\n\u2022 Grijanje prednjih sjedala<br \/>\n\u2022 Grijanje stra\u017enjih sjedala<br \/>\n\u2022 Grijanje vjetrobranskog stakla<br \/>\n\u2022 Grijano kolo upravlja\u010da<br \/>\n\u2022 Isklju\u010div zra\u010dni jastuk za suvoza\u010da<br \/>\n\u2022 ISOFIX prihvat za dje\u010dje sjedalice<br \/>\n\u2022 Kamera za vo\u017enju unatrag<br \/>\n\u2022 Kolo upravlja\u010da podesivo po visini<br \/>\n\u2022 Komforno sjedalo<br \/>\n\u2022 Kontrola razmaka pri parkiranju sprijeda i straga<br \/>\n\u2022 Ko\u017eno kolo upravlja\u010da<br \/>\n\u2022 Krovna antena<br \/>\n\u2022 Lakometalni naplatci 20 cola<br \/>\n\u2022 LED dnevna svjetla<br \/>\n\u2022 LED stra\u017enja svjetla<br \/>\n\u2022 LED svjetla<br \/>\n\u2022 LED svjetla za maglu<br \/>\n\u2022 Media priklju\u010dak<br \/>\n\u2022 Mjera\u010d broja okretaja<br \/>\n\u2022 Nasloni za glavu straga<br \/>\n\u2022 Navigacijski sustav<br \/>\n\u2022 El. pomicni otvor na krovu<br \/>\n\u2022 Podnica prtlja\u017enika<br \/>\n\u2022 Pomo\u0107 pri parkiranju sprijeda<br \/>\n\u2022 Pomo\u0107 pri parkiranju straga<br \/>\n\u2022 Potpora zadr\u017eavanja vozila na voznom traku<br \/>\n\u2022 Prednja sjedala el. podesiva<br \/>\n\u2022 Prednja sjedala el. podesiva<br \/>\n\u2022 Preklopiva stra\u017enja sjedala<br \/>\n\u2022 Presvlake ko\u017ea<br \/>\n\u2022 Servo upravlja\u010d<br \/>\n\u2022 Sound sustav<br \/>\n\u2022 Sportsko namje\u0161tanje podvozja<br \/>\n\u2022 Sredi\u0161nji naslon za ruke<br \/>\n\u2022 Sredi\u0161nji naslon za ruke straga<br \/>\n\u2022 Start-Stop sustav<br \/>\n\u2022 Start\/stop tipka<br \/>\n\u2022 Tempomat<br \/>\n\u2022 Tipke za mijenjanje stupnjeva prijenosa<br \/>\n\u2022 Umetci od drva<br \/>\n\u2022 Ure\u0111aj za pranje glavnih svjetala<br \/>\n\u2022 USB<br \/>\n\u2022 Vi\u0161enamjensko kolo upravlja\u010da<br \/>\n\u2022 Zatamnjena stakla<br \/>\n\u2022 Zra\u010dni jastuk za voza\u010da i suvoza\u010da<\/p>\n<p><a href=\"mailto:prodajavozila@autoservis24.hr\">prodajavozila@autoservis24.hr<\/a><\/p>\n<h3>Featured Features<\/h3>\n<table>\n<tbody>\n<tr>\n<td><span class=\"odomoter\"><i class=\"icofont icofont-speed-meter\"><\/i>154.179 km<\/span><\/td>\n<td><span class=\"transmission\"><i class=\"icofont icofont-ui-settings\"><\/i>AUTOMATIC TRANSMISSION<\/span><\/td>\n<\/tr>\n<tr>\n<td><span class=\"body\"><i class=\"icofont icofont-car-alt-4\"><\/i><a href=\"https:\/\/vozila.autoservis24.hr\/body-type\/limuzina\/\" rel=\"tag\">SEDAN<\/a><\/span><\/td>\n<\/tr>\n<\/tbody>\n<\/table>\n<h4>Details<\/h4>\n<table class=\"table table-striped\">\n<tbody>\n<tr>\n<th>Kilometers<\/th>\n<td>154.179 km<\/td>\n<\/tr>\n<tr>\n<th>Color<\/th>\n<td>GRAY METALLIC<\/td>\n<\/tr>\n<tr>\n<th>Transmission<\/th>\n<td>AUTOMATIC TRANSMISSION<\/td>\n<\/tr>\n<tr>\n<th>Body<\/th>\n<td><a href=\"https:\/\/vozila.autoservis24.hr\/body-type\/limuzina\/\" rel=\"tag\">SEDAN<\/a><\/td>\n<\/tr>\n<\/tbody>\n<\/table>\n<h4>Technical data<\/h4>\n<table class=\"table table-striped\">\n<tbody>\n<tr>\n<th>Year of manufacture<\/th>\n<td>2016<\/td>\n<\/tr>\n<tr>\n<th>Brand<\/th>\n<td>BMW<\/td>\n<\/tr>\n<tr>\n<th>Model<\/th>\n<td>740 xDrive<\/td>\n<\/tr>\n<tr>\n<th>Seats<\/th>\n<td>5<\/td>\n<\/tr>\n<tr>\n<th>Door<\/th>\n<td>5<\/td>\n<\/tr>\n<tr>\n<th>Gearbox<\/th>\n<td>AUTOMATIC TRANSMISSION<\/td>\n<\/tr>\n<tr>\n<th>Vrsta goriva<\/th>\n<td>DIESEL<\/td>\n<\/tr>\n<tr>\n<th>Engine power (hp)<\/th>\n<td>235<\/td>\n<\/tr>\n<\/tbody>\n<\/table>","protected":false},"excerpt":{"rendered":"<p>BMW SERIJA 7, 740d xDrive, u PDV-u Cijena: 52.500\u00a0\u20ac \/ 395.561,25\u00a0kn REDOVNO SERVISIRAN. UPRAVO NAPRAVLJEN SERVIS (ULJE + FILTER, PREDNJE I STRA\u017dNJE DISK PLO\u010cICE) OPREMA: \u2022 Head-up display \u2022 Acoustic Parking System \u2022 App Connect \u2022 Automatski klima-ure\u0111aj \u2022 AUX priklju\u010dak \u2022 Bluetooth \u2022 Car Connectivity \u2022 Daljinski upravlja\u010d za centralno zaklju\u010davanje \u2022 Djeljiva stra\u017enja [&hellip;]<\/p>\n","protected":false},"featured_media":2771,"comment_status":"open","ping_status":"closed","template":"","meta":{"_acf_changed":false},"product_brand":[],"product_cat":[19],"product_tag":[],"class_list":{"0":"post-2770","1":"product","2":"type-product","3":"status-publish","4":"has-post-thumbnail","6":"product_cat-auti","8":"first","9":"instock","10":"shipping-taxable","11":"purchasable","12":"product-type-simple"},"acf":[],"_links":{"self":[{"href":"https:\/\/autoservis24.hr\/en\/wp-json\/wp\/v2\/product\/2770","targetHints":{"allow":["GET"]}}],"collection":[{"href":"https:\/\/autoservis24.hr\/en\/wp-json\/wp\/v2\/product"}],"about":[{"href":"https:\/\/autoservis24.hr\/en\/wp-json\/wp\/v2\/types\/product"}],"replies":[{"embeddable":true,"href":"https:\/\/autoservis24.hr\/en\/wp-json\/wp\/v2\/comments?post=2770"}],"wp:featuredmedia":[{"embeddable":true,"href":"https:\/\/autoservis24.hr\/en\/wp-json\/wp\/v2\/media\/2771"}],"wp:attachment":[{"href":"https:\/\/autoservis24.hr\/en\/wp-json\/wp\/v2\/media?parent=2770"}],"wp:term":[{"taxonomy":"product_brand","embeddable":true,"href":"https:\/\/autoservis24.hr\/en\/wp-json\/wp\/v2\/product_brand?post=2770"},{"taxonomy":"product_cat","embeddable":true,"href":"https:\/\/autoservis24.hr\/en\/wp-json\/wp\/v2\/product_cat?post=2770"},{"taxonomy":"product_tag","embeddable":true,"href":"https:\/\/autoservis24.hr\/en\/wp-json\/wp\/v2\/product_tag?post=2770"}],"curies":[{"name":"wp","href":"https:\/\/api.w.org\/{rel}","templated":true}]}}