{"id":2791,"date":"2023-05-29T12:02:24","date_gmt":"2023-05-29T10:02:24","guid":{"rendered":"https:\/\/autoservis24.hr\/?post_type=product&#038;p=2791"},"modified":"2023-05-29T12:08:52","modified_gmt":"2023-05-29T10:08:52","slug":"vw-passat-16-tdi-comfortline-hr-vozilo-u-pdv-u","status":"publish","type":"product","link":"https:\/\/autoservis24.hr\/en\/product\/vw-passat-16-tdi-comfortline-hr-vozilo-u-pdv-u\/","title":{"rendered":"VW Passat 1.6 TDI COMFORTLINE, HR VEHICLE, INCLUDING VAT"},"content":{"rendered":"<p>VW Passat 1.6 TDI COMFORTLINE, HR VEHICLE, INCLUDING VAT<\/p>\n<p>SERIJSKA OPREMA:<\/p>\n<p>\u2022 \u201cFront Assist\u201d \u2013 upozorenje na mogu\u0107nost sudara<br \/>\n\u2022 12V uti\u010dnica straga i u prtlja\u017eniku<br \/>\n\u2022 2 dr\u017ea\u010da za \u010da\u0161e s poklopcem sprijeda<br \/>\n\u2022 2 podesiva naslona za glavu sprijeda<br \/>\n\u2022 3 naslona za glavu straga, spustivi<br \/>\n\u2022 5 sigurnosnih pojaseva u\u010dvr\u0161\u0107enih u 3 to\u010dke, prednji podesivi po visini, sa zateza\u010dima<br \/>\n\u2022 ABS \u2013 sustav protiv blokiranja kota\u010da<br \/>\n\u2022 Analogni sat u sredi\u0161njoj konzoli<br \/>\n\u2022 ASR \u2013 sustav protiv proklizavanja pogonskih kota\u010da<br \/>\n\u2022 Automatski klima ure\u0111aj Climatronic -s tri zone regulacije<br \/>\n\u2022 Automatsko uklj. kratkog svjetla, \u201ccoming home\u201d i \u201cleaving home\u201d funkcija<br \/>\n\u2022 Automatsko zatamnjivanje unutarnjeg osvrtnog zrcala<br \/>\n\u2022 Bo\u010dni pokaziva\u010di smjera (LED tehnika) integrirani u osvrtna zrcala<br \/>\n\u2022 Bo\u010dni zra\u010dni jastuci u prednjim sjedalima, zra\u010dni jastuci za glavu sprijeda i straga<br \/>\n\u2022 Branici u boji vozila<br \/>\n\u2022 Brisa\u010di sa senzorom za ki\u0161u<br \/>\n\u2022 Centralno zaklju\u010davanje s daljinskim upravljanjem<br \/>\n-\u201cKeyless-Go\u201d pokretanje motora<br \/>\n\u2022 Crno lakirana prednja maska s kromiranim rubom lamela<br \/>\n\u2022 Dekorativni umeci \u201cSilver Diamond\u201d<br \/>\n\u2022 Detekcija umora voza\u010da \u2013 upozorenje na zaslonu putnog ra\u010dunala<br \/>\n\u2022 Dnevna svjetla<br \/>\n\u2022 EDS \u2013 elektronska blokada diferencijala<br \/>\n\u2022 El. podiza\u010di prozora<br \/>\n\u2022 Elektri\u010dna parkirna ko\u010dnica s \u201cAuto Hold\u201d funkcijom<br \/>\n\u2022 Elektromehani\u010dki servo upravlja\u010d, ovisan o brzini kretanja (servotronic)<br \/>\n\u2022 Elektronska blokada protiv otu\u0111enja<br \/>\n\u2022 ESP \u2013 elektronski program stabilnosti<br \/>\n\u2022 Halogena glavna svjetla s inegriranim pokaziva\u010dima smjera<br \/>\n\u2022 Isofix priprema za dvije dje\u010dje sjedalice<br \/>\n\u2022 Jednodijelna stra\u017enja klupa, naslon asimetri\u010dno djeljiv i preklopiv<br \/>\n\u2022 Komforna prednja sjedala<br \/>\n\u2022 Kozmeti\u010dka zrcala u zaslonima za sunce, osvjetljena<br \/>\n\u2022 Kromirane letvice oko bo\u010dnih prozora<br \/>\n\u2022 Lakometalni naplaci \u201cSepang\u201d 6,5Jx16 s gumama 215\/60 R16<br \/>\n\u2022 LED osvjetljenje reg. plo\u010dice straga<br \/>\n\u2022 Otvor u stra\u017enjem naslonu za utovar dugih predmeta<br \/>\n\u2022 Pohrana energije ko\u010denja<br \/>\n\u2022 Pokaziva\u010d vanjske temperature<br \/>\n\u2022 Potpora za kralje\u017enicu u prednjim sjedalima (na voza\u010dkoj strani el. podesiva)<br \/>\n\u2022 Prednja sjedala podesiva po visini<br \/>\n\u2022 Pretinac za rukavice (osvjetljen i hla\u0111en)<br \/>\n\u2022 Pretinci u vratima<br \/>\n\u2022 Putno ra\u010dunalo \u201cPlus\u201d<br \/>\n\u2022 Radio \u201cComposition Colour\u201d -6,5\u2033 Touch-Screen ekran u boji -ulaz za SD karticu -8 zvu\u010dnika<br \/>\n\u2022 Sigurnosni trokut i kutija prve pomo\u0107i<br \/>\n\u2022 Sredi\u0161nji naslon za ruke naprijed, s otvorima za ventilaciju straga<br \/>\n\u2022 Start Stop sustav, s pohranom energije ko\u010denja (BMT \u2013 BlueMotion Tehnology)<br \/>\n\u2022 Stra\u017enja svjetla u LED tehnici<br \/>\n\u2022 Svjetla za maglu -sa stati\u010dkim svjetlom za skretanje<br \/>\n\u2022 Svjetlo za maglu otraga<br \/>\n\u2022 Tekstilne podne prostirke<br \/>\n\u2022 Tempomat<br \/>\n\u2022 Tire Mobility set s 12V kompresorom i sredstvom za krpanje gume<br \/>\n\u2022 Ultrazvu\u010dna pomo\u0107 pri parkiranju \u2013 parkpilot, (naprijed i otraga)<br \/>\n\u2022 Unutarnje svjetlo s odgodom isklju\u010divanja<br \/>\n\u2022 Upozorenje za ispuhanu gumu<br \/>\n\u2022 Upravlja\u010d podesiv po visini i dubini<br \/>\n\u2022 Vanjska osvrtna zrcala el. podesiva i grijana<br \/>\n\u2022 Vanjska osvrtna zrcala i kvake u boji vozila<br \/>\n\u2022 Vi\u0161enamjenski upravlja\u010d presvu\u010den ko\u017eom -ru\u010dica mjenja\u010da presvu\u010dena ko\u017eom<br \/>\n\u2022 Zelena termoizolacijska stakla<br \/>\n\u2022 Zra\u010dni jastuk za voza\u010da i suvoza\u010da, suvoza\u010dki s mogu\u0107no\u0161\u0107u deaktiviranja<\/p>\n<p>DODATNA OPREMA:<br \/>\n\u2022 Connectivity Paket -povezivanje mobilnog telefona BT vezom -USB uti\u010dnica (kompatibilna i sa iPhone\/iPod)<br \/>\n\u2022 Rezervna guma normalnih dimenzija -kod narud\u017ebe rezervne gume (kota\u010da), iz serijske opreme ispada Tyre Fit komplet (kompresor i sredstvo za krpanje gume)<\/p>\n<p><a href=\"mailto:prodajavozila@autoservis24.hr\">prodajavozila@autoservis24.hr<\/a><\/p>\n<h3>Featured Features<\/h3>\n<table>\n<tbody>\n<tr>\n<td><span class=\"odomoter\"><i class=\"icofont icofont-speed-meter\"><\/i>110.814 km<\/span><\/td>\n<td><span class=\"transmission\"><i class=\"icofont icofont-ui-settings\"><\/i>MANUAL TRANSMISSION<\/span><\/td>\n<\/tr>\n<tr>\n<td><span class=\"body\"><i class=\"icofont icofont-car-alt-4\"><\/i><a href=\"https:\/\/vozila.autoservis24.hr\/body-type\/limuzina\/\" rel=\"tag\">SEDAN<\/a><\/span><\/td>\n<\/tr>\n<\/tbody>\n<\/table>\n<h4>Details<\/h4>\n<table class=\"table table-striped\">\n<tbody>\n<tr>\n<th>Equipment package<\/th>\n<td>COMFORTLINE<\/td>\n<\/tr>\n<tr>\n<th>Kilometers<\/th>\n<td>110.814 km<\/td>\n<\/tr>\n<tr>\n<th>Color<\/th>\n<td>WHITE<\/td>\n<\/tr>\n<tr>\n<th>Transmission<\/th>\n<td>MANUAL TRANSMISSION<\/td>\n<\/tr>\n<tr>\n<th>Body<\/th>\n<td><a href=\"https:\/\/vozila.autoservis24.hr\/body-type\/limuzina\/\" rel=\"tag\">SEDAN<\/a><\/td>\n<\/tr>\n<tr>\n<th>Drive<\/th>\n<td>FRONT DRIVE<\/td>\n<\/tr>\n<\/tbody>\n<\/table>\n<h4>Technical data<\/h4>\n<table class=\"table table-striped\">\n<tbody>\n<tr>\n<th>Year of manufacture<\/th>\n<td>2018<\/td>\n<\/tr>\n<tr>\n<th>Brand<\/th>\n<td>VOLKSWAGEN<\/td>\n<\/tr>\n<tr>\n<th>Model<\/th>\n<td>PASSAT 1.6 TDI<\/td>\n<\/tr>\n<tr>\n<th>Equipment package<\/th>\n<td>COMFORTLINE<\/td>\n<\/tr>\n<tr>\n<th>Seats<\/th>\n<td>5<\/td>\n<\/tr>\n<tr>\n<th>Door<\/th>\n<td>5<\/td>\n<\/tr>\n<tr>\n<th>Drive<\/th>\n<td>FRONT DRIVE<\/td>\n<\/tr>\n<tr>\n<th>Gearbox<\/th>\n<td>MANUAL TRANSMISSION<\/td>\n<\/tr>\n<tr>\n<th>Vrsta goriva<\/th>\n<td>DIESEL<\/td>\n<\/tr>\n<tr>\n<th>Engine power (hp)<\/th>\n<td>120<\/td>\n<\/tr>\n<\/tbody>\n<\/table>","protected":false},"excerpt":{"rendered":"<p>VW Passat 1,6 TDI COMFORTLINE, HR VOZILO, U PDV-u SERIJSKA OPREMA: \u2022 \u201cFront Assist\u201d \u2013 upozorenje na mogu\u0107nost sudara \u2022 12V uti\u010dnica straga i u prtlja\u017eniku \u2022 2 dr\u017ea\u010da za \u010da\u0161e s poklopcem sprijeda \u2022 2 podesiva naslona za glavu sprijeda \u2022 3 naslona za glavu straga, spustivi \u2022 5 sigurnosnih pojaseva u\u010dvr\u0161\u0107enih u 3 [&hellip;]<\/p>\n","protected":false},"featured_media":2793,"comment_status":"open","ping_status":"closed","template":"","meta":{"_acf_changed":false},"product_brand":[],"product_cat":[19],"product_tag":[],"class_list":{"0":"post-2791","1":"product","2":"type-product","3":"status-publish","4":"has-post-thumbnail","6":"product_cat-auti","8":"first","9":"instock","10":"shipping-taxable","11":"purchasable","12":"product-type-simple"},"acf":[],"_links":{"self":[{"href":"https:\/\/autoservis24.hr\/en\/wp-json\/wp\/v2\/product\/2791","targetHints":{"allow":["GET"]}}],"collection":[{"href":"https:\/\/autoservis24.hr\/en\/wp-json\/wp\/v2\/product"}],"about":[{"href":"https:\/\/autoservis24.hr\/en\/wp-json\/wp\/v2\/types\/product"}],"replies":[{"embeddable":true,"href":"https:\/\/autoservis24.hr\/en\/wp-json\/wp\/v2\/comments?post=2791"}],"wp:featuredmedia":[{"embeddable":true,"href":"https:\/\/autoservis24.hr\/en\/wp-json\/wp\/v2\/media\/2793"}],"wp:attachment":[{"href":"https:\/\/autoservis24.hr\/en\/wp-json\/wp\/v2\/media?parent=2791"}],"wp:term":[{"taxonomy":"product_brand","embeddable":true,"href":"https:\/\/autoservis24.hr\/en\/wp-json\/wp\/v2\/product_brand?post=2791"},{"taxonomy":"product_cat","embeddable":true,"href":"https:\/\/autoservis24.hr\/en\/wp-json\/wp\/v2\/product_cat?post=2791"},{"taxonomy":"product_tag","embeddable":true,"href":"https:\/\/autoservis24.hr\/en\/wp-json\/wp\/v2\/product_tag?post=2791"}],"curies":[{"name":"wp","href":"https:\/\/api.w.org\/{rel}","templated":true}]}}