{"id":2812,"date":"2023-05-29T12:09:19","date_gmt":"2023-05-29T10:09:19","guid":{"rendered":"https:\/\/autoservis24.hr\/?post_type=product&#038;p=2812"},"modified":"2023-05-29T12:12:37","modified_gmt":"2023-05-29T10:12:37","slug":"vw-passat-variant-20-tdivw-passat-variant-20-tdi-bmt-dsg-comfortline-hr-vozilo-u-pdv-u-bmt-dsg-comfortline-hr-vozilo-u-pdv-u","status":"publish","type":"product","link":"https:\/\/autoservis24.hr\/en\/product\/vw-passat-variant-20-tdivw-passat-variant-20-tdi-bmt-dsg-comfortline-hr-vozilo-u-pdv-u-bmt-dsg-comfortline-hr-vozilo-u-pdv-u\/","title":{"rendered":"VW Passat Variant 2.0 TDIVW Passat Variant 2.0 TDI BMT DSG COMFORTLINE, HR VEHICLE, VAT INCLUDED BMT DSG COMFORTLINE, HR VEHICLE, VAT INCLUDED"},"content":{"rendered":"<p>VW Passat Variant 2,0 TDI BMT DSG COMFORTLINE, HR VOZILO, U PDV-u<\/p>\n<p>&nbsp;<\/p>\n<p>\u2013 VOZILO REDOVNO ODR\u017dAVANIO U OVLA\u0160TENOM VOLKSWAGEN SERVISU U HR<br \/>\n\u2013 UPRAVO NAPRAVLJEN REDOVAN + INSPEKCIJSKI SERVIS (16.02.2023.\/126 095 km)<\/p>\n<p>\u2022 ABS<br \/>\n\u2022 Automatski klima-ure\u0111aj<br \/>\n\u2022 Bo\u010dni zra\u010dni jastuci<br \/>\n\u2022 CD ure\u0111aj<br \/>\n\u2022 El. grijanje i namje\u0161tanje vanjskih zrcala<br \/>\n\u2022 Elektri\u010dno podizanje prozora sprijeda i straga<br \/>\n\u2022 Hands Free<br \/>\n\u2022 ISOFIX prihvat za dje\u010dje sjedalice<br \/>\n\u2022 Parking senzori sprijeda i straga<br \/>\n\u2022 Kontrola tlaka u gumama<br \/>\n\u2022 Lakometalni naplatci 16 cola<br \/>\n\u2022 LED svjetla<br \/>\n\u2022 Potpora upravljanja pri parkiranju<br \/>\n\u2022 Ergo Confort sjedalo voza\u010da<br \/>\n\u2022 Potpora za kralje\u017enicu<br \/>\n\u2022 Putno ra\u010dunalo<br \/>\n\u2022 Regulacija pog. proklizavanja (ASR)<br \/>\n\u2022 Senzor za svjetla i ki\u0161u<br \/>\n\u2022 Sredi\u0161nji naslon za ruke<br \/>\n\u2022 Svjetla za maglu<br \/>\n\u2022 Tempomat<br \/>\n\u2022 Tempomat sa regulacijom razmaka<br \/>\n\u2022 USB<br \/>\n\u2022 Uzdu\u017eni krovni nosa\u010di<br \/>\n\u2022 Vi\u0161enamjensko kolo upravlja\u010da<br \/>\n\u2022 Zra\u010dni jastuk za voza\u010da i suvoza\u010da<br \/>\n\u2022 \u010citac SD kartica<\/p>\n<p><a href=\"mailto:prodajavozila@autoservis24.hr\">prodajavozila@autoservis24.hr<\/a><\/p>\n<ul class=\"ClassifiedDetailOwnerDetails-contact\">\n<li class=\"ClassifiedDetailOwnerDetails-contactEntry ClassifiedDetailOwnerDetails-contactEntry--tel\"><a class=\"ClassifiedDetailOwnerDetails-contactEntryLink link-tel link-tel--gamma link-tel--faux\" href=\"tel:+385989836495\" data-href=\"tel:+385989836495\" data-display=\"098\/983-6495 (Damir)\" data-faux-anchor=\"true\">098\/983-6495 (Damir)<\/a><\/li>\n<li class=\"ClassifiedDetailOwnerDetails-contactEntry ClassifiedDetailOwnerDetails-contactEntry--tel\"><i class=\"icon icon--s icon--classifiedDetailViewPhone\" aria-hidden=\"true\"><\/i><a class=\"ClassifiedDetailOwnerDetails-contactEntryLink link-tel link-tel--gamma link-tel--faux\" href=\"tel:+385994565889\" data-href=\"tel:+385994565889\" data-display=\"099\/456-5889 (Sini\u0161a)\" data-faux-anchor=\"true\">099\/456-5889 (Sini\u0161a)<\/a><\/li>\n<\/ul>\n<h3>Featured Features<\/h3>\n<table>\n<tbody>\n<tr>\n<td><span class=\"odomoter\"><i class=\"icofont icofont-speed-meter\"><\/i>126.100 km<\/span><\/td>\n<td><span class=\"transmission\"><i class=\"icofont icofont-ui-settings\"><\/i>AUTOMATIC TRANSMISSION<\/span><\/td>\n<\/tr>\n<tr>\n<td><span class=\"body\"><i class=\"icofont icofont-car-alt-4\"><\/i><a href=\"https:\/\/vozila.autoservis24.hr\/body-type\/karavan\/\" rel=\"tag\">CARAVAN<\/a><\/span><\/td>\n<\/tr>\n<\/tbody>\n<\/table>\n<h4>Details<\/h4>\n<table class=\"table table-striped\">\n<tbody>\n<tr>\n<th>Equipment package<\/th>\n<td>COMFORTLINE<\/td>\n<\/tr>\n<tr>\n<th>Kilometers<\/th>\n<td>126.100 km<\/td>\n<\/tr>\n<tr>\n<th>Color<\/th>\n<td>GRAY METALLIC<\/td>\n<\/tr>\n<tr>\n<th>Transmission<\/th>\n<td>AUTOMATIC TRANSMISSION<\/td>\n<\/tr>\n<tr>\n<th>Body<\/th>\n<td><a href=\"https:\/\/vozila.autoservis24.hr\/body-type\/karavan\/\" rel=\"tag\">CARAVAN<\/a><\/td>\n<\/tr>\n<tr>\n<th>Drive<\/th>\n<td>FRONT DRIVE<\/td>\n<\/tr>\n<\/tbody>\n<\/table>\n<h4>Technical data<\/h4>\n<table class=\"table table-striped\">\n<tbody>\n<tr>\n<th>Year of manufacture<\/th>\n<td>2017<\/td>\n<\/tr>\n<tr>\n<th>Brand<\/th>\n<td>VOLKSWAGWEN<\/td>\n<\/tr>\n<tr>\n<th>Model<\/th>\n<td>PASSAT 2.0 TDI DSG<\/td>\n<\/tr>\n<tr>\n<th>Equipment package<\/th>\n<td>COMFORTLINE<\/td>\n<\/tr>\n<tr>\n<th>Seats<\/th>\n<td>5<\/td>\n<\/tr>\n<tr>\n<th>Door<\/th>\n<td>5<\/td>\n<\/tr>\n<tr>\n<th>Drive<\/th>\n<td>FRONT DRIVE<\/td>\n<\/tr>\n<tr>\n<th>Gearbox<\/th>\n<td>AUTOMATIC TRANSMISSION<\/td>\n<\/tr>\n<tr>\n<th>Vrsta goriva<\/th>\n<td>DIESEL<\/td>\n<\/tr>\n<tr>\n<th>Engine power (hp)<\/th>\n<td>150<\/td>\n<\/tr>\n<\/tbody>\n<\/table>","protected":false},"excerpt":{"rendered":"<p>VW Passat Variant 2,0 TDI BMT DSG COMFORTLINE, HR VOZILO, U PDV-u &nbsp; \u2013 VOZILO REDOVNO ODR\u017dAVANIO U OVLA\u0160TENOM VOLKSWAGEN SERVISU U HR \u2013 UPRAVO NAPRAVLJEN REDOVAN + INSPEKCIJSKI SERVIS (16.02.2023.\/126 095 km) \u2022 ABS \u2022 Automatski klima-ure\u0111aj \u2022 Bo\u010dni zra\u010dni jastuci \u2022 CD ure\u0111aj \u2022 El. grijanje i namje\u0161tanje vanjskih zrcala \u2022 Elektri\u010dno podizanje [&hellip;]<\/p>\n","protected":false},"featured_media":2813,"comment_status":"open","ping_status":"closed","template":"","meta":{"_acf_changed":false},"product_brand":[],"product_cat":[19],"product_tag":[],"class_list":{"0":"post-2812","1":"product","2":"type-product","3":"status-publish","4":"has-post-thumbnail","6":"product_cat-auti","8":"first","9":"instock","10":"shipping-taxable","11":"purchasable","12":"product-type-simple"},"acf":[],"_links":{"self":[{"href":"https:\/\/autoservis24.hr\/en\/wp-json\/wp\/v2\/product\/2812","targetHints":{"allow":["GET"]}}],"collection":[{"href":"https:\/\/autoservis24.hr\/en\/wp-json\/wp\/v2\/product"}],"about":[{"href":"https:\/\/autoservis24.hr\/en\/wp-json\/wp\/v2\/types\/product"}],"replies":[{"embeddable":true,"href":"https:\/\/autoservis24.hr\/en\/wp-json\/wp\/v2\/comments?post=2812"}],"wp:featuredmedia":[{"embeddable":true,"href":"https:\/\/autoservis24.hr\/en\/wp-json\/wp\/v2\/media\/2813"}],"wp:attachment":[{"href":"https:\/\/autoservis24.hr\/en\/wp-json\/wp\/v2\/media?parent=2812"}],"wp:term":[{"taxonomy":"product_brand","embeddable":true,"href":"https:\/\/autoservis24.hr\/en\/wp-json\/wp\/v2\/product_brand?post=2812"},{"taxonomy":"product_cat","embeddable":true,"href":"https:\/\/autoservis24.hr\/en\/wp-json\/wp\/v2\/product_cat?post=2812"},{"taxonomy":"product_tag","embeddable":true,"href":"https:\/\/autoservis24.hr\/en\/wp-json\/wp\/v2\/product_tag?post=2812"}],"curies":[{"name":"wp","href":"https:\/\/api.w.org\/{rel}","templated":true}]}}