{"id":2905,"date":"2023-07-20T10:35:32","date_gmt":"2023-07-20T08:35:32","guid":{"rendered":"https:\/\/autoservis24.hr\/?post_type=product&#038;p=2905"},"modified":"2023-07-20T14:15:17","modified_gmt":"2023-07-20T12:15:17","slug":"speedfight-450-4t-motul-e5-2022","status":"publish","type":"product","link":"https:\/\/autoservis24.hr\/en\/product\/speedfight-450-4t-motul-e5-2022\/","title":{"rendered":"SPEEDFIGHT 450 4T MOTUL E5 2022"},"content":{"rendered":"<p>Speedight4 posebna Motul serija, najtrka\u0107iji model iz 50cc serije! U\u017eivajte u njegovom sportskom izgledu.<\/p>\n<p>Sna\u017eno ko\u010denje sa Shuricane diskom i radijalnom \u010deljustom, 13-in\u010dnim kota\u010dima za stabilnost&#8230; Speedfight je buntovnik koji zna biti u\u010dinkovit.<\/p>\n<p>Grimizno crvena s primjesama bijele boje, ovaj skuter name\u0107e izgled koji pro\u017edire asfalt: teleskopska hidrauli\u010dna vilica preokrenuta, o\u0161tar izgled s le\u0107astom optikom, ravan aluminijski pod, postavljen spojler i odijevanje posu\u0111eno od svjetskog Motula, ovom novom izdanju ne nedostaje karakter.<\/p>\n<p>Njegovo ko\u017eno sjedalo i uvla\u010divi aluminijski oslonci za noge nude stil i udobnost. Dodatni dr\u017ea\u010d za pametni telefon mo\u017ee smjestiti va\u0161 telefon, dok vam USB priklju\u010dak omogu\u0107uje punjenje ure\u0111aja tijekom vo\u017enje i ostanak povezani.<\/p>\n<p>Stil ne \u010dini nikakav ustupak udobnosti! Njegova digitalna nadzorna plo\u010da omogu\u0107uje vam \u010ditanje informacija bitnih za va\u0161u vo\u017enju.<\/p>\n<table border=\"0\" cellspacing=\"0\" cellpadding=\"0\">\n<tbody>\n<tr>\n<td class=\"xl76\">norm<\/td>\n<td class=\"xl74\">EURO 5<\/td>\n<\/tr>\n<tr>\n<td class=\"xl76\">homologation<\/td>\n<td class=\"xl74\">L1e-B<\/td>\n<\/tr>\n<tr>\n<td class=\"xl76\">model<\/td>\n<td class=\"xl74\">50 4T Air<\/td>\n<\/tr>\n<tr>\n<td class=\"xl76\">type<\/td>\n<td class=\"xl74\">1 cylinder 4T<\/td>\n<\/tr>\n<tr>\n<td class=\"xl77\">volume (ccm)<\/td>\n<td class=\"xl74\">50<\/td>\n<\/tr>\n<tr>\n<td class=\"xl77\">fuel injection<\/td>\n<td class=\"xl74\">Electronic injection<\/td>\n<\/tr>\n<tr>\n<td class=\"xl77\">bore and stroke (mm x mm)<\/td>\n<td class=\"xl74\">37 x 46<\/td>\n<\/tr>\n<tr>\n<td class=\"xl77\">engine cooling<\/td>\n<td class=\"xl74\">air<\/td>\n<\/tr>\n<tr>\n<td class=\"xl77\">maximum power (Kw)<\/td>\n<td class=\"xl74\">2,2<\/td>\n<\/tr>\n<tr>\n<td class=\"xl77\">maximum power (hp)<\/td>\n<td class=\"xl74\">3<\/td>\n<\/tr>\n<tr>\n<td class=\"xl77\">torque (<a href=\"mailto:Nm@okr\/min\">Nm@okr\/min<\/a>)<\/td>\n<td class=\"xl78\">3,0\/8000<\/td>\n<\/tr>\n<tr>\n<td class=\"xl77\">maximum speed<\/td>\n<td class=\"xl74\">45<\/td>\n<\/tr>\n<tr>\n<td class=\"xl77\">fuel consumption<\/td>\n<td class=\"xl74\">2,3<\/td>\n<\/tr>\n<tr>\n<td class=\"xl77\">CO2 emission<\/td>\n<td class=\"xl74\">51<\/td>\n<\/tr>\n<tr>\n<td class=\"xl77\">noise level<\/td>\n<td class=\"xl74\">71<\/td>\n<\/tr>\n<tr>\n<td class=\"xl77\">distribution<\/td>\n<td class=\"xl74\">&#8211;<\/td>\n<\/tr>\n<tr>\n<td class=\"xl77\">starter<\/td>\n<td class=\"xl74\">electric and foot<\/td>\n<\/tr>\n<tr>\n<td class=\"xl77\">power transmission<\/td>\n<td class=\"xl74\">belt<\/td>\n<\/tr>\n<tr>\n<td class=\"xl77\">autonomy (km)<\/td>\n<td class=\"xl74\">&#8211;<\/td>\n<\/tr>\n<tr>\n<td class=\"xl77\">length<\/td>\n<td class=\"xl74\">1895<\/td>\n<\/tr>\n<tr>\n<td class=\"xl77\">width<\/td>\n<td class=\"xl74\">700<\/td>\n<\/tr>\n<tr>\n<td class=\"xl77\">height<\/td>\n<td class=\"xl74\">1150<\/td>\n<\/tr>\n<tr>\n<td class=\"xl77\">wheelbase (mm)<\/td>\n<td class=\"xl74\">1306<\/td>\n<\/tr>\n<tr>\n<td class=\"xl77\">seat height (mm)<\/td>\n<td class=\"xl74\">800<\/td>\n<\/tr>\n<tr>\n<td class=\"xl77\">vehicle mass (kg)<\/td>\n<td class=\"xl74\">107<\/td>\n<\/tr>\n<tr>\n<td class=\"xl77\">tank capacity (l)<\/td>\n<td class=\"xl74\">8<\/td>\n<\/tr>\n<tr>\n<td class=\"xl77\">front suspension<\/td>\n<td class=\"xl74\">Hydraulic telescopic fork o 32 mm<\/td>\n<\/tr>\n<tr>\n<td class=\"xl77\">rear suspension<\/td>\n<td class=\"xl74\">Hydraulic shock absorber black \u00d8 50 mm<\/td>\n<\/tr>\n<tr>\n<td class=\"xl77\">front brake<\/td>\n<td class=\"xl74\">disc<\/td>\n<\/tr>\n<tr>\n<td class=\"xl77\">front disc diameter (mm)<\/td>\n<td class=\"xl74\">215<\/td>\n<\/tr>\n<tr>\n<td class=\"xl77\">rear brake<\/td>\n<td class=\"xl74\">disc<\/td>\n<\/tr>\n<tr>\n<td class=\"xl77\">rear disc diameter (mm)<\/td>\n<td class=\"xl74\">190<\/td>\n<\/tr>\n<tr>\n<td class=\"xl77\">dimensions of the front tire<\/td>\n<td class=\"xl74\">130\/60-13<\/td>\n<\/tr>\n<tr>\n<td class=\"xl77\">rear tire size<\/td>\n<td class=\"xl74\">130\/60-13<\/td>\n<\/tr>\n<tr>\n<td class=\"xl77\">tire brand\/model<\/td>\n<td class=\"xl74\">&#8211;<\/td>\n<\/tr>\n<tr>\n<td class=\"xl77\">leg<\/td>\n<td class=\"xl74\">central: yes \/ side: available as additional equipment<\/td>\n<\/tr>\n<tr>\n<td class=\"xl77\">helmet storage<\/td>\n<td class=\"xl74\">1 helmet<\/td>\n<\/tr>\n<tr>\n<td class=\"xl77\">trunk<\/td>\n<td class=\"xl74\">no<\/td>\n<\/tr>\n<tr>\n<td class=\"xl77\">glove compartment<\/td>\n<td class=\"xl74\">no<\/td>\n<\/tr>\n<tr>\n<td class=\"xl77\">bag hanger<\/td>\n<td class=\"xl74\">separable from the interior of the formwork<\/td>\n<\/tr>\n<tr>\n<td class=\"xl77\">travel drawer<\/td>\n<td class=\"xl74\">no<\/td>\n<\/tr>\n<tr>\n<td class=\"xl77\">possibility to load data<\/td>\n<td class=\"xl74\">USB on the control panel<\/td>\n<\/tr>\n<tr>\n<td class=\"xl77\">control board<\/td>\n<td class=\"xl74\">digital<\/td>\n<\/tr>\n<\/tbody>\n<\/table>","protected":false},"excerpt":{"rendered":"<p>Speedight4 posebna Motul serija, najtrka\u0107iji model iz 50cc serije! U\u017eivajte u njegovom sportskom izgledu. Sna\u017eno ko\u010denje sa Shuricane diskom i radijalnom \u010deljustom, 13-in\u010dnim kota\u010dima za stabilnost&#8230; Speedfight je buntovnik koji zna biti u\u010dinkovit. Grimizno crvena s primjesama bijele boje, ovaj skuter name\u0107e izgled koji pro\u017edire asfalt: teleskopska hidrauli\u010dna vilica preokrenuta, o\u0161tar izgled s le\u0107astom optikom, [&hellip;]<\/p>\n","protected":false},"featured_media":2906,"comment_status":"open","ping_status":"closed","template":"","meta":{"_acf_changed":false},"product_brand":[],"product_cat":[20,32,36],"product_tag":[],"class_list":{"0":"post-2905","1":"product","2":"type-product","3":"status-publish","4":"has-post-thumbnail","6":"product_cat-motori","7":"product_cat-peugeot-motocikli","8":"product_cat-speedfight4","10":"first","11":"instock","12":"shipping-taxable","13":"purchasable","14":"product-type-simple"},"acf":[],"_links":{"self":[{"href":"https:\/\/autoservis24.hr\/en\/wp-json\/wp\/v2\/product\/2905","targetHints":{"allow":["GET"]}}],"collection":[{"href":"https:\/\/autoservis24.hr\/en\/wp-json\/wp\/v2\/product"}],"about":[{"href":"https:\/\/autoservis24.hr\/en\/wp-json\/wp\/v2\/types\/product"}],"replies":[{"embeddable":true,"href":"https:\/\/autoservis24.hr\/en\/wp-json\/wp\/v2\/comments?post=2905"}],"wp:featuredmedia":[{"embeddable":true,"href":"https:\/\/autoservis24.hr\/en\/wp-json\/wp\/v2\/media\/2906"}],"wp:attachment":[{"href":"https:\/\/autoservis24.hr\/en\/wp-json\/wp\/v2\/media?parent=2905"}],"wp:term":[{"taxonomy":"product_brand","embeddable":true,"href":"https:\/\/autoservis24.hr\/en\/wp-json\/wp\/v2\/product_brand?post=2905"},{"taxonomy":"product_cat","embeddable":true,"href":"https:\/\/autoservis24.hr\/en\/wp-json\/wp\/v2\/product_cat?post=2905"},{"taxonomy":"product_tag","embeddable":true,"href":"https:\/\/autoservis24.hr\/en\/wp-json\/wp\/v2\/product_tag?post=2905"}],"curies":[{"name":"wp","href":"https:\/\/api.w.org\/{rel}","templated":true}]}}