{"id":2910,"date":"2023-07-20T11:03:02","date_gmt":"2023-07-20T09:03:02","guid":{"rendered":"https:\/\/autoservis24.hr\/?post_type=product&#038;p=2910"},"modified":"2023-07-20T13:21:13","modified_gmt":"2023-07-20T11:21:13","slug":"django-50-4t-es-shadow-2022","status":"publish","type":"product","link":"https:\/\/autoservis24.hr\/en\/product\/django-50-4t-es-shadow-2022\/","title":{"rendered":"DJANGO 50 4T ES SHADOW 2022"},"content":{"rendered":"<p>NEO-RETRO SKUTER PEUGEOT MOTOCIKLA<\/p>\n<p>Sa svojim modernim linijama i namjernim namigivanjem legendarnom Peugeotu S55, Djangov neo-retro miks ne prolazi nezapa\u017eeno. Nova Deep Ocean Blue boja pokazuje originalan i vrlo elegantan izgled.<\/p>\n<p>Vlastiti stil. Django zna dati izjavu. Njegovi kromirani detalji, dvobojna karoserija i sjedalo u boji ko\u017ee daju mu blistav stil.<\/p>\n<p>Nema stila bez udobnosti. Niska visina sjedala (maksimalno 770 mm), veliki ravan pod obojen u boje karoserije, elegantne protuklizne letvice, pretinac za rukavice koji se zaklju\u010dava: svaka vo\u017enja u Djangu je udobna, bez obzira na va\u0161u veli\u010dinu.<\/p>\n<p>Manje gu\u017eve, vi\u0161e sa stilom. Va\u0161e \u0107e torbe lako prona\u0107i svoje mjesto u velikim skladi\u0161nim prostorima.<\/p>\n<table>\n<tbody>\n<tr>\n<td>norm<\/td>\n<td><\/td>\n<td>EURO 5<\/td>\n<\/tr>\n<tr>\n<td>homologation<\/td>\n<td><\/td>\n<td>L1e-B<\/td>\n<\/tr>\n<tr>\n<td>model<\/td>\n<td><\/td>\n<td>50 4T Air<\/td>\n<\/tr>\n<tr>\n<td>type<\/td>\n<td><\/td>\n<td>1 cylinder 4T<\/td>\n<\/tr>\n<tr>\n<td>volume (ccm)<\/td>\n<td><\/td>\n<td>50<\/td>\n<\/tr>\n<tr>\n<td>fuel injection<\/td>\n<td><\/td>\n<td>Electronic injection<\/td>\n<\/tr>\n<tr>\n<td>bore and stroke (mm x mm)<\/td>\n<td><\/td>\n<td>39 x 41,4<\/td>\n<\/tr>\n<tr>\n<td>engine cooling<\/td>\n<td><\/td>\n<td>air<\/td>\n<\/tr>\n<tr>\n<td>maximum power (Kw)<\/td>\n<td><\/td>\n<td>2,6<\/td>\n<\/tr>\n<tr>\n<td>maximum power (hp)<\/td>\n<td><\/td>\n<td>3,536<\/td>\n<\/tr>\n<tr>\n<td>torque (<a href=\"mailto:Nm@okr\/min\">Nm@okr\/min<\/a>)<\/td>\n<td><\/td>\n<td>3,2\/7700<\/td>\n<\/tr>\n<tr>\n<td>maximum speed<\/td>\n<td><\/td>\n<td>45<\/td>\n<\/tr>\n<tr>\n<td>fuel consumption<\/td>\n<td><\/td>\n<td>1,9<\/td>\n<\/tr>\n<tr>\n<td>CO2 emission<\/td>\n<td><\/td>\n<td>45<\/td>\n<\/tr>\n<tr>\n<td>noise level<\/td>\n<td><\/td>\n<td>79<\/td>\n<\/tr>\n<tr>\n<td>distribution<\/td>\n<td><\/td>\n<td>2 valves<\/td>\n<\/tr>\n<tr>\n<td>starter<\/td>\n<td><\/td>\n<td>electric and foot<\/td>\n<\/tr>\n<tr>\n<td>power transmission<\/td>\n<td><\/td>\n<td>belt<\/td>\n<\/tr>\n<tr>\n<td>autonomy (km)<\/td>\n<td><\/td>\n<td>380<\/td>\n<\/tr>\n<tr>\n<td>length<\/td>\n<td><\/td>\n<td>1925<\/td>\n<\/tr>\n<tr>\n<td>width<\/td>\n<td><\/td>\n<td>710<\/td>\n<\/tr>\n<tr>\n<td>height<\/td>\n<td><\/td>\n<td>1190<\/td>\n<\/tr>\n<tr>\n<td>wheelbase (mm)<\/td>\n<td><\/td>\n<td>1350<\/td>\n<\/tr>\n<tr>\n<td>seat height (mm)<\/td>\n<td><\/td>\n<td>770<\/td>\n<\/tr>\n<tr>\n<td>vehicle mass (kg)<\/td>\n<td><\/td>\n<td>126<\/td>\n<\/tr>\n<tr>\n<td>tank capacity (l)<\/td>\n<td><\/td>\n<td>8,5<\/td>\n<\/tr>\n<tr>\n<td>front suspension<\/td>\n<td><\/td>\n<td>hydraulic telescopic fork o 40 mm<\/td>\n<\/tr>\n<tr>\n<td>rear suspension<\/td>\n<td><\/td>\n<td>Hydraulic shock absorber black \u00d8 53 mm, adjustable in 5 positions<\/td>\n<\/tr>\n<tr>\n<td>front brake<\/td>\n<td><\/td>\n<td>disc<\/td>\n<\/tr>\n<tr>\n<td>front disc diameter (mm)<\/td>\n<td><\/td>\n<td>200<\/td>\n<\/tr>\n<tr>\n<td>rear brake<\/td>\n<td><\/td>\n<td>drum<\/td>\n<\/tr>\n<tr>\n<td>rear disc diameter (mm)<\/td>\n<td><\/td>\n<td>110<\/td>\n<\/tr>\n<tr>\n<td>dimensions of the front tire<\/td>\n<td><\/td>\n<td>120\/70-12<\/td>\n<\/tr>\n<tr>\n<td>rear tire size<\/td>\n<td><\/td>\n<td>120\/70-12<\/td>\n<\/tr>\n<tr>\n<td>tire brand\/model<\/td>\n<td><\/td>\n<td>&#8211;<\/td>\n<\/tr>\n<tr>\n<td>leg<\/td>\n<td><\/td>\n<td>central: yes \/ lateral: with contact<\/td>\n<\/tr>\n<tr>\n<td>helmet storage<\/td>\n<td><\/td>\n<td>1 helmet + 1 jet helmet<\/td>\n<\/tr>\n<tr>\n<td>trunk<\/td>\n<td><\/td>\n<td>no<\/td>\n<\/tr>\n<tr>\n<td>glove compartment<\/td>\n<td><\/td>\n<td>2 lockable glove boxes<\/td>\n<\/tr>\n<tr>\n<td>bag hanger<\/td>\n<td><\/td>\n<td>separable from the interior of the formwork<\/td>\n<\/tr>\n<tr>\n<td>travel drawer<\/td>\n<td><\/td>\n<td>no<\/td>\n<\/tr>\n<tr>\n<td>possibility to load data<\/td>\n<td><\/td>\n<td>USB port in the glove compartment<\/td>\n<\/tr>\n<tr>\n<td>control board<\/td>\n<td><\/td>\n<td>semi digital<\/td>\n<\/tr>\n<\/tbody>\n<\/table>","protected":false},"excerpt":{"rendered":"<p>NEO-RETRO SKUTER PEUGEOT MOTOCIKLA Sa svojim modernim linijama i namjernim namigivanjem legendarnom Peugeotu S55, Djangov neo-retro miks ne prolazi nezapa\u017eeno. Nova Deep Ocean Blue boja pokazuje originalan i vrlo elegantan izgled. Vlastiti stil. Django zna dati izjavu. Njegovi kromirani detalji, dvobojna karoserija i sjedalo u boji ko\u017ee daju mu blistav stil. Nema stila bez udobnosti. [&hellip;]<\/p>\n","protected":false},"featured_media":2911,"comment_status":"open","ping_status":"closed","template":"","meta":{"_acf_changed":false},"product_brand":[],"product_cat":[20,33,32],"product_tag":[],"class_list":{"0":"post-2910","1":"product","2":"type-product","3":"status-publish","4":"has-post-thumbnail","6":"product_cat-motori","7":"product_cat-django","8":"product_cat-peugeot-motocikli","10":"first","11":"instock","12":"shipping-taxable","13":"purchasable","14":"product-type-simple"},"acf":[],"_links":{"self":[{"href":"https:\/\/autoservis24.hr\/en\/wp-json\/wp\/v2\/product\/2910","targetHints":{"allow":["GET"]}}],"collection":[{"href":"https:\/\/autoservis24.hr\/en\/wp-json\/wp\/v2\/product"}],"about":[{"href":"https:\/\/autoservis24.hr\/en\/wp-json\/wp\/v2\/types\/product"}],"replies":[{"embeddable":true,"href":"https:\/\/autoservis24.hr\/en\/wp-json\/wp\/v2\/comments?post=2910"}],"wp:featuredmedia":[{"embeddable":true,"href":"https:\/\/autoservis24.hr\/en\/wp-json\/wp\/v2\/media\/2911"}],"wp:attachment":[{"href":"https:\/\/autoservis24.hr\/en\/wp-json\/wp\/v2\/media?parent=2910"}],"wp:term":[{"taxonomy":"product_brand","embeddable":true,"href":"https:\/\/autoservis24.hr\/en\/wp-json\/wp\/v2\/product_brand?post=2910"},{"taxonomy":"product_cat","embeddable":true,"href":"https:\/\/autoservis24.hr\/en\/wp-json\/wp\/v2\/product_cat?post=2910"},{"taxonomy":"product_tag","embeddable":true,"href":"https:\/\/autoservis24.hr\/en\/wp-json\/wp\/v2\/product_tag?post=2910"}],"curies":[{"name":"wp","href":"https:\/\/api.w.org\/{rel}","templated":true}]}}