{"id":2925,"date":"2023-07-20T11:44:01","date_gmt":"2023-07-20T09:44:01","guid":{"rendered":"https:\/\/autoservis24.hr\/?post_type=product&#038;p=2925"},"modified":"2023-07-20T11:46:56","modified_gmt":"2023-07-20T09:46:56","slug":"django-125-e5-sport-2022","status":"publish","type":"product","link":"https:\/\/autoservis24.hr\/en\/product\/django-125-e5-sport-2022\/","title":{"rendered":"DJANGO 125 E5 SPORT 2022"},"content":{"rendered":"<p>NEO-RETRO SKUTER PEUGEOT MOTOCIKLA<\/p>\n<p>Sa svojim modernim linijama i namjernim namigivanjem legendarnom Peugeotu S55, Djangov neo-retro miks ne prolazi nezapa\u017eeno. Nova Deep Ocean Blue boja pokazuje originalan i vrlo elegantan izgled.<\/p>\n<p>ABS ko\u010dnice. Za u\u010dinkovito ko\u010denje, Django je opremljen ABS ko\u010dionim sustavom. Aktiviran desnom polugom, ABS omogu\u0107uje optimalno ko\u010denje bez naru\u0161avanja stabilnosti skutera ili blokiranja kota\u010da.<\/p>\n<p>Vlastiti stil. Django zna dati izjavu. Njegovi kromirani detalji, dvobojna karoserija i sjedalo u boji ko\u017ee daju mu blistav stil.<\/p>\n<p>Nema stila bez udobnosti. Niska visina sjedala (maksimalno 770 mm), veliki ravan pod obojen u boje karoserije, elegantne protuklizne letvice, pretinac za rukavice koji se zaklju\u010dava: svaka vo\u017enja u Djangu je udobna, bez obzira na va\u0161u veli\u010dinu.<\/p>\n<p>Manje gu\u017eve, vi\u0161e sa stilom. Va\u0161e \u0107e torbe lako prona\u0107i svoje mjesto u velikim skladi\u0161nim prostorima.<\/p>\n<table>\n<tbody>\n<tr>\n<td>Norm<\/td>\n<td>:<\/td>\n<td>EURO 4<\/td>\n<\/tr>\n<tr>\n<td>Homologation<\/td>\n<td>:<\/td>\n<td>L3e-A2<\/td>\n<\/tr>\n<tr>\n<td>Model<\/td>\n<td>:<\/td>\n<td>EasyMotion 150<\/td>\n<\/tr>\n<tr>\n<td>Type<\/td>\n<td>:<\/td>\n<td>1 cylinder 4T<\/td>\n<\/tr>\n<tr>\n<td>Volume (ccm)<\/td>\n<td>:<\/td>\n<td>150,6<\/td>\n<\/tr>\n<tr>\n<td>Fuel injection<\/td>\n<td>:<\/td>\n<td>Electronic injection<\/td>\n<\/tr>\n<tr>\n<td>Bore and stroke (mm x mm)<\/td>\n<td>:<\/td>\n<td>57,4 x 58,2<\/td>\n<\/tr>\n<tr>\n<td>Engine cooling<\/td>\n<td>:<\/td>\n<td>air<\/td>\n<\/tr>\n<tr>\n<td>Maximum power (Kw)<\/td>\n<td>:<\/td>\n<td>8,5<\/td>\n<\/tr>\n<tr>\n<td>Maximum power (hp)<\/td>\n<td>:<\/td>\n<td>11,56<\/td>\n<\/tr>\n<tr>\n<td>Torque (<a href=\"mailto:Nm@okr\/min\">Nm@okr\/min<\/a>)<\/td>\n<td>:<\/td>\n<td>11,2\/6000<\/td>\n<\/tr>\n<tr>\n<td>Maximum speed (km\/h)<\/td>\n<td>:<\/td>\n<td>95<\/td>\n<\/tr>\n<tr>\n<td>Fuel consumption (l\/100km)<\/td>\n<td>:<\/td>\n<td>2,9<\/td>\n<\/tr>\n<tr>\n<td>CO2 emission (g\/km)<\/td>\n<td>:<\/td>\n<td>&#8211;<\/td>\n<\/tr>\n<tr>\n<td>Noise level (db)<\/td>\n<td>:<\/td>\n<td>&#8211;<\/td>\n<\/tr>\n<tr>\n<td>Distribution<\/td>\n<td>:<\/td>\n<td>2 valves<\/td>\n<\/tr>\n<tr>\n<td>Starter<\/td>\n<td>:<\/td>\n<td>electric<\/td>\n<\/tr>\n<tr>\n<td>Power transmission<\/td>\n<td>:<\/td>\n<td>belt<\/td>\n<\/tr>\n<tr>\n<td>Autonomy (km)<\/td>\n<td>:<\/td>\n<td>290<\/td>\n<\/tr>\n<tr>\n<td>Length (mm)<\/td>\n<td>:<\/td>\n<td>1925<\/td>\n<\/tr>\n<tr>\n<td>\u0160irina (mm)<\/td>\n<td>:<\/td>\n<td>710<\/td>\n<\/tr>\n<tr>\n<td>Height (mm)<\/td>\n<td>:<\/td>\n<td>1190<\/td>\n<\/tr>\n<tr>\n<td>Wheelbase (mm)<\/td>\n<td>:<\/td>\n<td>1350<\/td>\n<\/tr>\n<tr>\n<td>Seat height (mm)<\/td>\n<td>:<\/td>\n<td>770<\/td>\n<\/tr>\n<tr>\n<td>Vehicle mass (kg)<\/td>\n<td>:<\/td>\n<td>137<\/td>\n<\/tr>\n<tr>\n<td>Tank capacity (l)<\/td>\n<td>:<\/td>\n<td>8,5<\/td>\n<\/tr>\n<tr>\n<td>Front suspension<\/td>\n<td>:<\/td>\n<td>Hydraulic telescopic fork o 40 mm<\/td>\n<\/tr>\n<tr>\n<td>Rear suspension<\/td>\n<td>:<\/td>\n<td>Hydraulic shock absorber black \u00d8 53 mm, adjustable in 5 positions<\/td>\n<\/tr>\n<tr>\n<td>Front brake<\/td>\n<td>:<\/td>\n<td>disc<\/td>\n<\/tr>\n<tr>\n<td>Front disc diameter (mm)<\/td>\n<td>:<\/td>\n<td>200<\/td>\n<\/tr>\n<tr>\n<td>Rear brake<\/td>\n<td>:<\/td>\n<td>disc<\/td>\n<\/tr>\n<tr>\n<td>Rear disc diameter (mm)<\/td>\n<td>:<\/td>\n<td>190<\/td>\n<\/tr>\n<tr>\n<td>Front tire dimensions<\/td>\n<td>:<\/td>\n<td>120\/70-12<\/td>\n<\/tr>\n<tr>\n<td>Rear tire size<\/td>\n<td>:<\/td>\n<td>120\/70-12<\/td>\n<\/tr>\n<tr>\n<td>Tire brand\/model<\/td>\n<td>:<\/td>\n<td>&#8211;<\/td>\n<\/tr>\n<tr>\n<td>Leg<\/td>\n<td>:<\/td>\n<td>central: yes \/ lateral: with contact<\/td>\n<\/tr>\n<tr>\n<td>Helmet storage<\/td>\n<td>:<\/td>\n<td>1 helmet + 1 jet helmet<\/td>\n<\/tr>\n<tr>\n<td>Trunk<\/td>\n<td>:<\/td>\n<td>no<\/td>\n<\/tr>\n<tr>\n<td>Glove compartment<\/td>\n<td>:<\/td>\n<td>2 lockable glove boxes<\/td>\n<\/tr>\n<tr>\n<td>Bag hanger<\/td>\n<td>:<\/td>\n<td>separable from the interior of the formwork<\/td>\n<\/tr>\n<tr>\n<td>Travel drawer<\/td>\n<td>:<\/td>\n<td>no<\/td>\n<\/tr>\n<tr>\n<td>Ability to load data<\/td>\n<td>:<\/td>\n<td>12V connection in the glove compartment<\/td>\n<\/tr>\n<tr>\n<td>Control Board<\/td>\n<td>:<\/td>\n<td>semi-digital<\/td>\n<\/tr>\n<\/tbody>\n<\/table>","protected":false},"excerpt":{"rendered":"<p>NEO-RETRO SKUTER PEUGEOT MOTOCIKLA Sa svojim modernim linijama i namjernim namigivanjem legendarnom Peugeotu S55, Djangov neo-retro miks ne prolazi nezapa\u017eeno. Nova Deep Ocean Blue boja pokazuje originalan i vrlo elegantan izgled. ABS ko\u010dnice. Za u\u010dinkovito ko\u010denje, Django je opremljen ABS ko\u010dionim sustavom. Aktiviran desnom polugom, ABS omogu\u0107uje optimalno ko\u010denje bez naru\u0161avanja stabilnosti skutera ili blokiranja [&hellip;]<\/p>\n","protected":false},"featured_media":2926,"comment_status":"open","ping_status":"closed","template":"","meta":{"_acf_changed":false},"product_brand":[],"product_cat":[20,33,32],"product_tag":[],"class_list":{"0":"post-2925","1":"product","2":"type-product","3":"status-publish","4":"has-post-thumbnail","6":"product_cat-motori","7":"product_cat-django","8":"product_cat-peugeot-motocikli","10":"first","11":"instock","12":"shipping-taxable","13":"purchasable","14":"product-type-simple"},"acf":[],"_links":{"self":[{"href":"https:\/\/autoservis24.hr\/en\/wp-json\/wp\/v2\/product\/2925","targetHints":{"allow":["GET"]}}],"collection":[{"href":"https:\/\/autoservis24.hr\/en\/wp-json\/wp\/v2\/product"}],"about":[{"href":"https:\/\/autoservis24.hr\/en\/wp-json\/wp\/v2\/types\/product"}],"replies":[{"embeddable":true,"href":"https:\/\/autoservis24.hr\/en\/wp-json\/wp\/v2\/comments?post=2925"}],"wp:featuredmedia":[{"embeddable":true,"href":"https:\/\/autoservis24.hr\/en\/wp-json\/wp\/v2\/media\/2926"}],"wp:attachment":[{"href":"https:\/\/autoservis24.hr\/en\/wp-json\/wp\/v2\/media?parent=2925"}],"wp:term":[{"taxonomy":"product_brand","embeddable":true,"href":"https:\/\/autoservis24.hr\/en\/wp-json\/wp\/v2\/product_brand?post=2925"},{"taxonomy":"product_cat","embeddable":true,"href":"https:\/\/autoservis24.hr\/en\/wp-json\/wp\/v2\/product_cat?post=2925"},{"taxonomy":"product_tag","embeddable":true,"href":"https:\/\/autoservis24.hr\/en\/wp-json\/wp\/v2\/product_tag?post=2925"}],"curies":[{"name":"wp","href":"https:\/\/api.w.org\/{rel}","templated":true}]}}